{"id":347,"date":"2020-06-11T14:27:04","date_gmt":"2020-06-11T14:27:04","guid":{"rendered":"https:\/\/www.uploadgig.site\/?page_id=347"},"modified":"2020-07-31T08:03:31","modified_gmt":"2020-07-31T08:03:31","slug":"uploadgig-konto-premium-najbardziej-niezawodny-hoster-plikow","status":"publish","type":"page","link":"https:\/\/www.uploadgig.site\/pl\/","title":{"rendered":"UploadGIG Konto Premium &#8211; najbardziej niezawodny hoster plik\u00f3w"},"content":{"rendered":"\n<figure class=\"wp-block-image\"><img src=\"https:\/\/lh6.googleusercontent.com\/eLd64hkqZpZvvexc6__T_pMhb4eLSv9vfD2U6N-uxNYu08QYe6rneexVSrtfjxlRH2kfqfnDUb1A90brltWlHv78p_UT8zo1ApOSKpipZPNyn3agLijp4s8fF6TGdar9hISRY0fW\" alt=\"UploadGIG logo\" title=\"UploadGIG logo\"\/><\/figure>\n\n\n\n<p>Je\u015bli chcesz zachowa\u0107 swoje pliki i dzieli\u0107 si\u0119 nimi z innymi lud\u017ami, ale masz problem z powodu ogromnych rozmiar\u00f3w, kt\u00f3re nie mog\u0105 by\u0107 przechowywane na Twoich e-mailach, pendrive&#8217;ach lub jakichkolwiek zewn\u0119trznych dyskach twardych przez tak d\u0142ugi czas, to tutaj jest najlepsze rozwi\u0105zanie dla Ciebie. Wypr\u00f3buj ten hoster plik\u00f3w \u2043 UploadGIG!3<\/p>\n\n\n\n<p>Aby uzyska\u0107 wi\u0119cej informacji, prosz\u0119 klikn\u0105\u0107 na <strong><a href=\"https:\/\/www.uploadgig.info\/pl\/\" target=\"_blank\" aria-label=\"undefined (opens in a new tab)\" rel=\"noreferrer noopener\">Uploadgig Premium<\/a><\/strong><\/p>\n\n\n<a class=\"maxbutton-1 maxbutton maxbutton-cta\" target=\"_blank\" rel=\"nofollow noopener\" href=\"\/go\/\"><span class='mb-text'>&gt;&gt; Przejd\u017a do oficjalnej strony Uploadgig.com<\/span><\/a>\n\n\n<p><\/p>\n\n\n\n<h2>Co to jest UploadGIG? Jak to mo\u017ce pom\u00f3c?<\/h2>\n\n\n\n<p>UploadGIG jest znany z tego, \u017ce jest najbardziej niezawodn\u0105 stron\u0105 jako hoster plik\u00f3w. Ka\u017cdego roku korzysta z niej coraz wi\u0119cej os\u00f3b. Dzi\u0119ki niemu u\u017cytkownicy mog\u0105 przechowywa\u0107, przesy\u0142a\u0107, pobiera\u0107 i udost\u0119pnia\u0107 swoje pliki, nawet je\u015bli maj\u0105 one du\u017ce rozmiary. takie jak dokumenty, prezentacje, projekty, zdj\u0119cia, filmy, lub jakiekolwiek filmy, muzyk\u0119 lub nagrania, oprogramowanie lub programy i inne wa\u017cne, a nawet nie tak wa\u017cne.<\/p>\n\n\n\n<p>UploadGIG z pewno\u015bci\u0105 zachowa wszystkie te rodzaje plik\u00f3w w stu procentach (100%) bezpiecznie i w stu procentach (100%) bezpiecznie w swoich bazach danych i serwerach.<\/p>\n\n\n\n<p>Kiedy planujesz odwiedzi\u0107 oficjaln\u0105 stron\u0119 internetow\u0105 UploadGIG, b\u0119dziesz m\u00f3g\u0142 z \u0142atwo\u015bci\u0105 j\u0105 pozna\u0107 i zrozumie\u0107 jej funkcje i cechy.<\/p>\n\n\n\n<p>Istniej\u0105 dwa (2) rodzaje kont w UploadGIG \u2043. Konto darmowe UploadGIG i konto UploadGIG Premium.<\/p>\n\n\n\n<ol><li><strong>Darmowe konto UploadGIG<\/strong> \u2043 U\u017cytkownicy nie musz\u0105 nic p\u0142aci\u0107 za to konto, ale oczywi\u015bcie darmowe konto zawsze ma wolniejsze tempo pobierania i wysy\u0142ania, ma d\u0142ugi czas oczekiwania, nie ma mo\u017cliwo\u015bci pobierania wielu plik\u00f3w w tym samym czasie, ma wiele reklam, <a rel=\"noreferrer noopener\" href=\"https:\/\/www.webopedia.com\/TERM\/B\/banner.html\" target=\"_blank\">baner\u00f3w <\/a>i captchas na ka\u017cdej stronie internetowej UploadGIG i zawsze ma ograniczenia w odniesieniu do funkcji i us\u0142ug strony internetowej, wi\u0119c UploadGIG zawsze poleca u\u017cytkownikom swoje konto Premium, aby uzyska\u0107 wi\u0119cej miejsca na dysku i szybsze tempo przesy\u0142ania i pobierania.<\/li><li><strong>Konto Premium UploadGIG<\/strong> \u2043 Jest to najbardziej zalecany rodzaj konta, kt\u00f3re mo\u017cna otrzyma\u0107. Je\u015bli u\u017cytkownik otrzyma to konto, b\u0119dzie mia\u0142 dost\u0119p do wszystkich funkcji i us\u0142ug UploadGIG, ale oczywi\u015bcie nie jest to darmowe, musi najpierw zap\u0142aci\u0107 za plan konta Premium.<\/li><\/ol>\n\n\n\n<p>Zanim b\u0119dziesz m\u00f3g\u0142 mie\u0107 konto w UploadGIG, mo\u017cesz odwiedzi\u0107 ich oficjaln\u0105 stron\u0119 internetow\u0105, przej\u015b\u0107 do strony rejestracji i zarejestrowa\u0107 si\u0119. Poni\u017cej znajduj\u0105 si\u0119 cztery (4) sposoby rejestracji w UploadGIG.<\/p>\n\n\n\n<ol><li>Zarejestruj si\u0119 za pomoc\u0105 konta Google plus.<\/li><li>Zarejestruj si\u0119 przy u\u017cyciu konta Yahoo.<\/li><li>Zarejestruj si\u0119 przy u\u017cyciu konta Facebook.<\/li><li>Zarejestruj si\u0119 przy u\u017cyciu konta Twitter.<\/li><li>Zarejestruj si\u0119 za pomoc\u0105 formularza rejestracji na stronie UploadGIG, gdzie u\u017cytkownik mo\u017ce po prostu wprowadzi\u0107 sw\u00f3j adres e-mail i preferowane has\u0142o.<\/li><\/ol>\n\n\n\n<p>Dla cel\u00f3w weryfikacji, u\u017cytkownicy powinni wprowadzi\u0107 w\u0142a\u015bciwy kod lub obrazy captcha. Nast\u0119pnie nale\u017cy klikn\u0105\u0107 na przycisk &#8222;Zarejestruj&#8221;, aby ostatecznie poda\u0107 dane rejestracyjne. UploadGIG wy\u015ble link weryfikacyjny na adresy e-mail u\u017cytkownik\u00f3w, kt\u00f3ry nale\u017cy klikn\u0105\u0107 w celu weryfikacji ka\u017cdego nowego konta u\u017cytkownika.<\/p>\n\n\n\n<p>Je\u015bli kiedykolwiek u\u017cytkownik za\u0142o\u017cy\u0142 ju\u017c konto dla UploadGIG, mo\u017ce przej\u015b\u0107 na stron\u0119 &#8222;Sign In&#8221;, aby wej\u015b\u0107 na stron\u0119 UploadGIG.<\/p>\n\n\n\n<h3>Por\u00f3wnaj UploadGIG z innymi stronami udost\u0119pniaj\u0105cymi pliki.<\/h3>\n\n\n\n<p>Prosz\u0119 spojrze\u0107 na poni\u017csz\u0105 tabel\u0119, aby por\u00f3wna\u0107 jak r\u00f3\u017cni si\u0119 UploadGIG od innych stron hostingu plik\u00f3w.<\/p>\n\n\n\n<figure class=\"wp-block-table\"><table><tbody><tr><td>UploadGIG<\/td><td>Inne witryny s\u0142u\u017c\u0105ce do przechowywania plik\u00f3w<\/td><\/tr><tr><td>Jest to w stu procentach (100%) bezpieczna i w stu procentach (100%) bezpieczna strona dla hostingu pliku.<\/td><td>Niekt\u00f3re strony hostingu plik\u00f3w s\u0105 <a rel=\"noreferrer noopener\" href=\"https:\/\/dictionary.cambridge.org\/us\/dictionary\/english\/scam\" target=\"_blank\">oszustwem <\/a>i nie s\u0105 ca\u0142kowicie bezpieczne.<\/td><\/tr><tr><td>Rejestracja tutaj jest taka \u0142atwa. Istnieje kilka szczeg\u00f3\u0142\u00f3w dotycz\u0105cych u\u017cytkownik\u00f3w potrzebnych do wprowadzenia danych.<\/td><td>Rejestracja na niekt\u00f3rych stronach hostingu plik\u00f3w wymaga czasu, w kt\u00f3rym u\u017cytkownicy musz\u0105 wprowadzi\u0107 wi\u0119cej szczeg\u00f3\u0142\u00f3w na formularzu.<\/td><\/tr><tr><td>Pozwala on u\u017cytkownikowi na pod\u0142\u0105czenie swojego konta w mediach spo\u0142eczno\u015bciowych lub poczty elektronicznej w celu rejestracji.<\/td><td>Nie pozwala on u\u017cytkownikowi na po\u0142\u0105czenie si\u0119 z jego kontem spo\u0142eczno\u015bciowym lub e-mailowym w celu rejestracji.<\/td><\/tr><tr><td>Funkcja i us\u0142ugi wysy\u0142ania, pobierania i udost\u0119pniania pliku lub plik\u00f3w u\u017cytkownika dzia\u0142aj\u0105 prawid\u0142owo.<\/td><td>Funkcja i us\u0142ugi wysy\u0142ania, pobierania i udost\u0119pniania pliku lub plik\u00f3w u\u017cytkownika nie dzia\u0142aj\u0105.<\/td><\/tr><tr><td>UploadGIG oferuje bezp\u0142atn\u0105 przestrze\u0144 dyskow\u0105 o pojemno\u015bci dw\u00f3ch milion\u00f3w megabajt\u00f3w (2 000 000 MB) lub dw\u00f3ch terabajt\u00f3w (2 TB) dla swoich cz\u0142onk\u00f3w.<\/td><td>Niekt\u00f3re miejsca maj\u0105 mniejszy rozmiar pami\u0119ci masowej dla swoich u\u017cytkownik\u00f3w.<\/td><\/tr><tr><td>Zesp\u00f3\u0142 pomocy technicznej UploadGIG jest bardzo wra\u017cliwy na pytania swoich u\u017cytkownik\u00f3w i cz\u0142onk\u00f3w oraz wszelkie w\u0105tpliwo\u015bci, jakie mog\u0105 oni mie\u0107.<\/td><td>Zespo\u0142y wsparcia niekt\u00f3rych innych witryn hostingu plik\u00f3w zajmuj\u0105 bardzo du\u017co czasu, aby odpowiedzie\u0107 lub w najgorszym przypadku nie reaguj\u0105 ca\u0142kowicie.<\/td><\/tr><tr><td>Sprzedawcy kont premium w wielu miejscach na \u015bwiecie s\u0105 wiarygodni, poniewa\u017c s\u0105 sprawdzani i zatwierdzani przez UploadGIG.<\/td><td>Niekt\u00f3rzy sprzedawcy kont premium s\u0105 oszustami.<\/td><\/tr><tr><td>U\u017cytkownicy mog\u0105 zarabia\u0107 pieni\u0105dze poprzez afiliacj\u0119, a p\u0142atno\u015bci i transakcje s\u0105 tutaj zabezpieczone.<\/td><td>Niekt\u00f3re inne strony hostingu plik\u00f3w nie maj\u0105 powi\u0105za\u0144, wi\u0119c ich u\u017cytkownicy nie mog\u0105 zarabia\u0107 pieni\u0119dzy.<\/td><\/tr><tr><td>Op\u0142ata za wyp\u0142at\u0119 jest tu ni\u017csza ni\u017c na innych stronach hostingu plik\u00f3w, kt\u00f3ry zaczyna si\u0119 od trzydziestu dolar\u00f3w (30 dolar\u00f3w).<\/td><td>Op\u0142ata za wyp\u0142at\u0119 w niekt\u00f3rych innych witrynach hostingu plik\u00f3w jest wysoka.<\/td><\/tr><\/tbody><\/table><\/figure>\n\n\n\n<h2>Pliki<\/h2>\n\n\n\n<p>U\u017cytkownicy mog\u0105 zarz\u0105dza\u0107 swoimi plikami na oficjalnej stronie UploadGIG za pomoc\u0105 nast\u0119puj\u0105cych narz\u0119dzi:<\/p>\n\n\n\n<ul><li>Dost\u0119p do<\/li><li>Wgrywanie<\/li><li>Pobieranie<\/li><li>Wyszukiwanie<\/li><li>Sortowanie<\/li><li>Dzielenie si\u0119<\/li><li>Skre\u015blenie<\/li><\/ul>\n\n\n\n<p>Istniej\u0105 trzy (3) rodzaje metod wgrywania pliku lub plik\u00f3w na UploadGIG. S\u0105 to: Web Upload, Remote Upload, oraz File Transfer Protocol lub FTP.<\/p>\n\n\n\n<h3>Trzy (3) Metody przesy\u0142ania danych na stronie UploadGIG<\/h3>\n\n\n\n<figure class=\"wp-block-table\"><table><tbody><tr><td>Przesy\u0142anie plik\u00f3w na stron\u0119 internetow\u0105<\/td><td>Przesy\u0142anie zdalne<\/td><td>Protok\u00f3\u0142 transferu plik\u00f3w lub FTP<\/td><\/tr><tr><td>U\u017cytkownicy mog\u0105 korzysta\u0107 z r\u00f3\u017cnych przegl\u0105darek internetowych, kt\u00f3re maj\u0105 na swoich urz\u0105dzeniach (komputerach stacjonarnych, laptopach, telefonach kom\u00f3rkowych lub tabletach) z po\u0142\u0105czeniem internetowym. Wystarczy wej\u015b\u0107 na oficjaln\u0105 stron\u0119 UploadGIG, aby za\u0142adowa\u0107 plik lub pliki.<\/td><td>U\u017cytkownicy mog\u0105 korzysta\u0107 z linku do pliku w celu przes\u0142ania lub przeniesienia pliku lub plik\u00f3w na stron\u0119 internetow\u0105 za pomoc\u0105 funkcji przesy\u0142ania plik\u00f3w UploadGIG, kt\u00f3r\u0105 jest &#8222;Remote Upload&#8221;.<\/td><td>U\u017cytkownicy mog\u0105 korzysta\u0107 z protoko\u0142u File Transfer Protocol lub klient\u00f3w <a rel=\"noreferrer noopener\" href=\"https:\/\/searchnetworking.techtarget.com\/definition\/File-Transfer-Protocol-FTP\" target=\"_blank\">FTP <\/a>lub aplikacji na swoich urz\u0105dzeniach, aby uzyska\u0107 dost\u0119p do funkcji FTP UploadGIG.<\/td><\/tr><\/tbody><\/table><figcaption>Uwaga: UploadGIG zawsze przypomina swoim u\u017cytkownikom, kt\u00f3rzy chc\u0105 przes\u0142a\u0107 dane, \u017ce powinni przestrzega\u0107 zasad i warunk\u00f3w oraz polityki znajduj\u0105cej si\u0119 na ich oficjalnej stronie internetowej. Nie zezwalaj\u0105 one wszystkim u\u017cytkownikom na wgrywanie zdj\u0119\u0107, film\u00f3w, plik\u00f3w zwi\u0105zanych z przemoc\u0105, zachowaniami pornograficznymi i seksualnymi. Plik lub pliki, kt\u00f3re s\u0105 chronione prawami autorskimi, nie mog\u0105 by\u0107 umieszczane na stronie. Ka\u017cdy u\u017cytkownik, kt\u00f3ry nie zastosuje si\u0119 do nich, jego konto na stronie UploadGIG zostanie tymczasowo zawieszone lub zako\u0144czone, lub w najgorszym przypadku zostanie usuni\u0119te przez UploadGIG na wszystkich jego bazach danych i serwerach.<\/figcaption><\/figure>\n\n\n\n<p><strong>Pliki do przeszukania<\/strong>: Po zako\u0144czeniu wysy\u0142ania pliku lub plik\u00f3w na stronie UploadGIG, u\u017cytkownicy mog\u0105 je przeszukiwa\u0107. Pliki te b\u0119d\u0105 dok\u0142adnie przeszukiwane z serwer\u00f3w i baz danych UploadGIG. U\u017cytkownik nie mo\u017ce przeszukiwa\u0107 pliku innych u\u017cytkownik\u00f3w lub w\u0142a\u015bcicieli. Ma to na celu ochron\u0119 prywatno\u015bci plik\u00f3w, jak r\u00f3wnie\u017c konta. Dlatego UploadGIG nie pozwala u\u017cytkownikowi na wyszukiwanie pliku lub plik\u00f3w przes\u0142anych przez innych u\u017cytkownik\u00f3w, poniewa\u017c jest to uwa\u017cane za nielegalne. <\/p>\n\n\n\n<p><strong>Sortuj pliki<\/strong>: U\u017cytkownicy mog\u0105 r\u00f3wnie\u017c sortowa\u0107 wgrywane przez siebie pliki w taki spos\u00f3b, aby uporz\u0105dkowa\u0107 je wed\u0142ug w\u0142asnego uznania na stronie UploadGIG.<\/p>\n\n\n\n<p><strong>Usu\u0144 pliki<\/strong>: U\u017cytkownicy mog\u0105 r\u00f3wnie\u017c usuwa\u0107 lub usuwa\u0107 wybrany plik lub pliki na stronie UploadGIG, je\u015bli nie s\u0105 ju\u017c potrzebne lub nie chc\u0105 ju\u017c ich przechowywa\u0107 i zostan\u0105 one r\u00f3wnie\u017c usuni\u0119te z serwer\u00f3w i baz danych UploadGIG. Aby u\u017cytkownik m\u00f3g\u0142 usun\u0105\u0107 sw\u00f3j usuni\u0119ty plik lub pliki, musi wys\u0142a\u0107 do UploadGIG \u017c\u0105danie usuni\u0119cia, a nast\u0119pnie UploadGIG dostarczy link do usuni\u0119cia, kt\u00f3ry u\u017cytkownik musi klikn\u0105\u0107, aby skutecznie usun\u0105\u0107 plik lub pliki. UploadGIG zawsze zaleca swoim u\u017cytkownikom, aby nie gubili linku do usuwania, kt\u00f3ry zostanie im dostarczony, ale je\u015bli u\u017cytkownicy go zgubi\u0105, jedynym sposobem na usuni\u0119cie pliku lub plik\u00f3w jest oczekiwanie na dat\u0119 jego wyga\u015bni\u0119cia i wszystkie one zostan\u0105 automatycznie usuni\u0119te przez system UploadGIG. Jednak\u017ce, je\u015bli u\u017cytkownicy \u017ale potrzebuj\u0105 usun\u0105\u0107 konkretny plik lub pliki, wtedy jest to czas na dotarcie do obs\u0142ugi klienta UploadGIG.<\/p>\n\n\n\n<h2>Konto UploadGIG Premium<\/h2>\n\n\n\n<h3>Funkcje konta Premium UploadGIG<\/h3>\n\n\n\n<ul><li><strong>Op\u00f3\u017anienia w pobieraniu plik\u00f3w<\/strong> \u2043 Na kontach premium nie ma \u017cadnych op\u00f3\u017anie\u0144 w pobieraniu plik\u00f3w. Cz\u0142onkowie kont premium mog\u0105 uzyska\u0107 dost\u0119p, za\u0142adowa\u0107 i pobra\u0107 plik lub pliki natychmiast, bez konieczno\u015bci d\u0142u\u017cszego oczekiwania, natomiast cz\u0142onkowie kont darmowych zawsze musz\u0105 czeka\u0107 sze\u015b\u0107dziesi\u0105t (60) sekund.<\/li><li><strong>Bezpieczne przechowywanie plik\u00f3w<\/strong> \u2043 Pliki u\u017cytkownik\u00f3w lub cz\u0142onk\u00f3w kont premium s\u0105 przechowywane tak d\u0142ugo, jak d\u0142ugo s\u0105 potrzebne i s\u0105 zawsze dost\u0119pne w ka\u017cdej chwili przez internet, ale u\u017cytkownicy kont darmowych mog\u0105 przechowywa\u0107 swoje pliki tymczasowo tylko przez trzydzie\u015bci (30) dni na stronie, a po tych dniach ich pliki zostan\u0105 automatycznie usuni\u0119te na stronie.<\/li><li><strong>Wielokrotne pobieranie plik\u00f3w<\/strong> \u2043 Cz\u0142onkowie kont Premium mog\u0105 pobiera\u0107 plik lub pliki, kt\u00f3re chc\u0105 pobra\u0107 wiele razy w tym samym czasie z maksymaln\u0105 szybko\u015bci\u0105, ale szybko\u015b\u0107 ich po\u0142\u0105czenia internetowego ma znaczenie przy pobieraniu pliku lub plik\u00f3w. Maj\u0105 szcz\u0119\u015bcie, je\u015bli maj\u0105 szybkie po\u0142\u0105czenie z Internetem. U\u017cytkownicy darmowego konta nie maj\u0105 do tego dost\u0119pu, mog\u0105 pobiera\u0107 tylko jeden plik jednocze\u015bnie.<\/li><li><strong>Wstrzymaj pobieranie plik\u00f3w<\/strong> \u2043 U\u017cytkownicy kont Premium mog\u0105 wstrzyma\u0107 pobieranie pliku lub plik\u00f3w na kilka sekund lub minut. U\u017cytkownicy kont darmowych nie maj\u0105 do tego dost\u0119pu.<\/li><li><strong>Wznawianie pobierania plik\u00f3w<\/strong> \u2043 Cz\u0142onkowie kont Premium mog\u0105 wznowi\u0107 pobieranie pliku lub plik\u00f3w po ich wstrzymaniu lub zatrzymaniu. U\u017cytkownicy kont darmowych nie maj\u0105 do tego dost\u0119pu.<\/li><li><strong>Szybsze pobieranie<\/strong> \u2043 U\u017cytkownicy kont Premium mog\u0105 korzysta\u0107 z maksymalnej szybko\u015bci pobierania. Oczywi\u015bcie, ponownie, po\u0142\u0105czenie internetowe u\u017cytkownik\u00f3w zawsze ma znaczenie przy pobieraniu plik\u00f3w, ale nie martw si\u0119, poniewa\u017c je\u015bli pobieranie zosta\u0142o przerwane przez przerw\u0119 w Internecie, system UploadGIG automatycznie wstrzyma pobieranie, wi\u0119c u\u017cytkownicy nie rozpoczn\u0105 pobierania od nowa.<\/li><li><strong>Reklamy, banery i Captchas<\/strong> \u2043 Reklamy, banery i Captchas s\u0105 zawsze irytuj\u0105ce na stronie internetowej witryny, zw\u0142aszcza je\u015bli u\u017cytkownik przegl\u0105da, przesy\u0142a, wyszukuje, pobiera lub udost\u0119pnia co\u015b. Korzystaj\u0105c z Uploadgig Premium, u\u017cytkownicy lub cz\u0142onkowie mog\u0105 by\u0107 od nich wolni podczas korzystania z witryny.<\/li><\/ul>\n\n\n<a class=\"maxbutton-1 maxbutton maxbutton-cta\" target=\"_blank\" rel=\"nofollow noopener\" href=\"\/go\/\"><span class='mb-text'>&gt;&gt; Przejd\u017a do oficjalnej strony Uploadgig.com<\/span><\/a>\n\n\n<p><\/p>\n\n\n\n<p>Ponadto, UploadGIG oferuje sze\u015b\u0107 (6) plan\u00f3w premium dla cz\u0142onk\u00f3w konta Premium UploadGIG. Cz\u0142onkowie mog\u0105 utrzymywa\u0107 wybrane przez siebie plany kont Premium przez trzydzie\u015bci (30) dni, dziewi\u0119\u0107dziesi\u0105t (90) dni, sto osiemdziesi\u0105t (180) dni lub trzysta sze\u015b\u0107dziesi\u0105t pi\u0119\u0107 (365) dni, ale zale\u017cy to od tego, co chc\u0105 uzyska\u0107. Ponadto, UploadGIG pozwala swoim cz\u0142onkom na p\u0142acenie planu premium do wielu opcji p\u0142atno\u015bci. Cz\u0142onkowie nie powinni si\u0119 martwi\u0107, poniewa\u017c UploadGIG stosuje wysoki poziom bezpiecze\u0144stwa, aby zapewni\u0107, \u017ce dane lub informacje ich klient\u00f3w lub cz\u0142onk\u00f3w s\u0105 chronione i bezpieczne.<\/p>\n\n\n\n<h3>Plany kont Premium UploadGIG<\/h3>\n\n\n\n<figure class=\"wp-block-table\"><table><tbody><tr><td>Liczba dni lub miesi\u0119cy<\/td><td>Ceny<\/td><td>Transakcje i p\u0142atno\u015bci zabezpieczone<\/td><td>Pobieranie wielu plik\u00f3w<\/td><td>Czas na czekanie<\/td><td>Reklamy i Captcha<\/td><td>Opcje p\u0142atno\u015bci<\/td><\/tr><tr><td>Trzydzie\u015bci (30) dni lub jeden (1) miesi\u0105c<\/td><td>Dwana\u015bcie dolar\u00f3w (12,00 dolar\u00f3w)<\/td><td>\u2714Tak<\/td><td>\u2714Tak<\/td><td>\u2716Brak<\/td><td>\u2716Brak<\/td><td><br>PayPal, Visa, MasterCard, Discover, American Express, Direct Debit, Bitcoin or Altcoin, Trustpay, Alipay, Banamex, Neosurf, Poli, Boleto, DineroMail, Yandex money, etc<\/td><\/tr><tr><td>Dziewi\u0119\u0107dziesi\u0105t (90) dni lub trzy (3) miesi\u0105ce<\/td><td>Dwadzie\u015bcia sze\u015b\u0107 dolar\u00f3w (26,00 dolar\u00f3w)<\/td><td>\u2714Tak<\/td><td>\u2714Tak<\/td><td>\u2716Brak<\/td><td>\u2716Brak<\/td><td>PayPal, Visa, MasterCard, Discover, American Express, Direct Debit, Bitcoin or Altcoin, Trustpay, Alipay, Banamex, Neosurf, Poli, Boleto, DineroMail, Yandex money, etc<\/td><\/tr><tr><td>Sto osiemdziesi\u0105t (180) dni lub sze\u015b\u0107 (6) miesi\u0119cy<\/td><td>Czterdzie\u015bci sze\u015b\u0107 dolar\u00f3w (46,00 dolar\u00f3w)<\/td><td>\u2714Tak<\/td><td>\u2714Tak<\/td><td>\u2716Brak<\/td><td>\u2716Brak<\/td><td>PayPal, Visa, MasterCard, Discover, American Express, Direct Debit, Bitcoin or Altcoin, Trustpay, Alipay, Banamex, Neosurf, Poli, Boleto, DineroMail, Yandex money, etc<\/td><\/tr><tr><td>Trzysta sze\u015b\u0107dziesi\u0105t pi\u0119\u0107 (365) dni lub dwana\u015bcie (12) miesi\u0119cy \u272eBEST\u272e<\/td><td>Osiemdziesi\u0105t sze\u015b\u0107 dolar\u00f3w (86,00 dolar\u00f3w)<\/td><td>\u2714Tak<\/td><td>\u2714Tak<\/td><td>\u2716Brak<\/td><td>\u2716Brak<\/td><td>PayPal, Visa, MasterCard, Discover, American Express, Direct Debit, Bitcoin or Altcoin, Trustpay, Alipay, Banamex, Neosurf, Poli, Boleto, DineroMail, Yandex money, etc<\/td><\/tr><\/tbody><\/table><\/figure>\n\n\n\n<p>Je\u015bli u\u017cytkownicy nie s\u0105 ju\u017c zadowoleni lub nie s\u0105 zadowoleni z funkcji i us\u0142ug planu premium, mog\u0105 anulowa\u0107 sw\u00f3j abonament i poprosi\u0107 o jego zwrot. Nie przejmuj si\u0119, poniewa\u017c UploadGIG jest sk\u0142onny zwr\u00f3ci\u0107 swoje pieni\u0105dze po otrzymaniu pro\u015bby o zwrot.<\/p>\n\n\n\n<h2>Program partnerski UploadGIG<\/h2>\n\n\n\n<p>Ludzie mog\u0105 zarabia\u0107 pieni\u0105dze za pomoc\u0105 UploadGIG. Mog\u0105 oni sprzedawa\u0107 plany Premium UploadGIG jako sprzedawca. Poza tym, mog\u0105 u\u017cywa\u0107 UploadGIG, aby do\u0142\u0105czy\u0107 do programu partnerskiego. \/ Istnieje sze\u015b\u0107 (6) typ\u00f3w poziom\u00f3w kont programu partnerskiego UploadGIG:<\/p>\n\n\n\n<ol><li>Konto podstawowe,<\/li><li>Br\u0105zowe konto,<\/li><li>Konto Silver,<\/li><li>Z\u0142ote konto,<\/li><li>Rachunek Platynowy, oraz<\/li><li>Rachunek Diamentowy<\/li><\/ol>\n\n\n\n<p>Cz\u0142onkowie UploadGIG mog\u0105 zarabia\u0107 pieni\u0105dze od swoich poleconych w zale\u017cno\u015bci od tego, w jakim typie konta partnerskiego si\u0119 znajduj\u0105. \/ Prosz\u0119 zapozna\u0107 si\u0119 z poni\u017csz\u0105 tabel\u0105 na temat tego, jak te sze\u015b\u0107 (6) typ\u00f3w r\u00f3\u017cni\u0105 si\u0119 od siebie.<\/p>\n\n\n\n<h3>Poziomy rachunku partnerskiego UploadGIG<\/h3>\n\n\n\n<figure class=\"wp-block-table\"><table><tbody><tr><td>Rodzaje poziom\u00f3w rachunk\u00f3w afiliowanych<\/td><td>Podstawowe<\/td><td>Br\u0105zowy<\/td><td>Srebro<\/td><td>Z\u0142oto<\/td><td>Platyna<\/td><td>Diament<\/td><\/tr><tr><td>Wielko\u015b\u0107 powierzchni magazynowej<\/td><td>Dwa tysi\u0105ce gigabajt\u00f3w (2 000 GB) lub dwa terabajty (2 TB)<\/td><td>Cztery tysi\u0105ce gigabajt\u00f3w (4 000 GB) lub cztery terabajty (4 TB)<\/td><td>Osiem tysi\u0119cy gigabajt\u00f3w (8000 GB) lub osiem terabajt\u00f3w (8 TB)<\/td><td>Dwadzie\u015bcia tysi\u0119cy gigabajt\u00f3w (20 000 GB) lub dwadzie\u015bcia terabajt\u00f3w (20 TB)<\/td><td>Pi\u0119\u0107dziesi\u0105t tysi\u0119cy gigabajt\u00f3w (50 000 GB) lub pi\u0119\u0107dziesi\u0105t terabajt\u00f3w (50 TB)<\/td><td>Sto gigabajt\u00f3w (100.000 GB) lub dwa terabajty (100 TB)<\/td><\/tr><tr><td>Data wa\u017cno\u015bci akt<\/td><td>Sze\u015b\u0107dziesi\u0105t (60) dni<\/td><td>Osiemdziesi\u0105t (80) dni<\/td><td>Dziewi\u0119\u0107dziesi\u0105t (90) dni<\/td><td>Sto dwadzie\u015bcia (120) dni<\/td><td>Sto osiemdziesi\u0105t (180) dni<\/td><td>Trzysta sze\u015b\u0107dziesi\u0105t pi\u0119\u0107 (365) dni<\/td><\/tr><tr><td>P\u0142aci\u0107 za sprzeda\u017c (PPS) i op\u0142ata za ponowne wystawienie rachunku<\/td><td>Pi\u0119\u0107dziesi\u0105t procent (50%)<\/td><td>Sze\u015b\u0107dziesi\u0105t procent (60%)<\/td><td>Sze\u015b\u0107dziesi\u0105t pi\u0119\u0107 procent (65%)<\/td><td>Siedemdziesi\u0105t procent (70%)<\/td><td>Siedemdziesi\u0105t pi\u0119\u0107 procent (75%)<\/td><td>Osiemdziesi\u0105t procent (80%)<\/td><\/tr><tr><td>Wyp\u0142aty<\/td><td>Wyp\u0142ata potrwa dwa (15) dni<\/td><td>Wyp\u0142ata potrwa dwa (12) dni<\/td><td>Wyp\u0142ata potrwa dwa (10) dni<\/td><td>Wyp\u0142ata potrwa dwa (7) dni<\/td><td>Wyp\u0142ata potrwa dwa (5) dni<\/td><td>Wyp\u0142ata potrwa dwa (2) dni<\/td><\/tr><tr><td>Podwy\u017cszenie poziomu afiliacji (Upgrade Affiliate Level)<\/td><td>\u017caden<\/td><td>plus pi\u0119\u0107set dolar\u00f3w (+200 dolar\u00f3w)<\/td><td>plus pi\u0119\u0107set dolar\u00f3w (+500 dolar\u00f3w)<\/td><td>plus dwadzie\u015bcia tysi\u0119cy dolar\u00f3w (+2.000 dolar\u00f3w)<\/td><td>plus dwadzie\u015bcia tysi\u0119cy dolar\u00f3w (+5.000 dolar\u00f3w)<\/td><td>plus dwadzie\u015bcia tysi\u0119cy dolar\u00f3w (+2.000 dolar\u00f3w)<\/td><\/tr><\/tbody><\/table><figcaption>Firma UploadGIG jest sk\u0142onna zap\u0142aci\u0107 dziesi\u0119\u0107 procent (10%) sprzeda\u017cy ze strony internetowej cz\u0142onk\u00f3w stowarzyszonych lub sprzedawc\u00f3w.<br>*Nale\u017cy r\u00f3wnie\u017c pami\u0119ta\u0107, \u017ce czas wyp\u0142aty zawsze b\u0119dzie wydany w dni robocze.<\/figcaption><\/figure>\n\n\n\n<h2>Zada\u0107 pytanie?<\/h2>\n\n\n\n<p>Je\u015bli u\u017cytkownicy chc\u0105 zada\u0107 jakiekolwiek pytania, mog\u0105 przej\u015b\u0107 do strony wsparcia na oficjalnej stronie UploadGIG, aby otworzy\u0107 zg\u0142oszenie do wsparcia poprzez wype\u0142nienie formularza zg\u0142oszenia lub mog\u0105 r\u00f3wnie\u017c napisa\u0107 e-mail do dzia\u0142u wsparcia klienta, ale najpierw zaleca si\u0119 przeczytanie informacji zawartych w regulaminie us\u0142ug lub ToS, stronie lub polityce us\u0142ug, a tak\u017ce w Cz\u0119sto zadawanych pytaniach lub FAQ UploadGIG.<\/p>\n\n\n<a class=\"maxbutton-1 maxbutton maxbutton-cta\" target=\"_blank\" rel=\"nofollow noopener\" href=\"\/go\/\"><span class='mb-text'>&gt;&gt; Przejd\u017a do oficjalnej strony Uploadgig.com<\/span><\/a>\n\n\n<p><\/p>\n","protected":false},"excerpt":{"rendered":"<p>Je\u015bli chcesz zachowa\u0107 swoje pliki i dzieli\u0107 si\u0119 nimi z innymi lud\u017ami, ale masz problem z powodu ogromnych rozmiar\u00f3w, kt\u00f3re nie mog\u0105 by\u0107 przechowywane na Twoich e-mailach, pendrive&#8217;ach lub jakichkolwiek zewn\u0119trznych dyskach twardych przez tak d\u0142ugi czas, to tutaj jest najlepsze rozwi\u0105zanie dla Ciebie. Wypr\u00f3buj ten hoster plik\u00f3w \u2043 UploadGIG!3 Aby uzyska\u0107 wi\u0119cej informacji, prosz\u0119 [&hellip;]<\/p>\n","protected":false},"author":6,"featured_media":0,"parent":0,"menu_order":0,"comment_status":"closed","ping_status":"closed","template":"","meta":[],"_links":{"self":[{"href":"https:\/\/www.uploadgig.site\/pl\/wp-json\/wp\/v2\/pages\/347"}],"collection":[{"href":"https:\/\/www.uploadgig.site\/pl\/wp-json\/wp\/v2\/pages"}],"about":[{"href":"https:\/\/www.uploadgig.site\/pl\/wp-json\/wp\/v2\/types\/page"}],"author":[{"embeddable":true,"href":"https:\/\/www.uploadgig.site\/pl\/wp-json\/wp\/v2\/users\/6"}],"replies":[{"embeddable":true,"href":"https:\/\/www.uploadgig.site\/pl\/wp-json\/wp\/v2\/comments?post=347"}],"version-history":[{"count":3,"href":"https:\/\/www.uploadgig.site\/pl\/wp-json\/wp\/v2\/pages\/347\/revisions"}],"predecessor-version":[{"id":383,"href":"https:\/\/www.uploadgig.site\/pl\/wp-json\/wp\/v2\/pages\/347\/revisions\/383"}],"wp:attachment":[{"href":"https:\/\/www.uploadgig.site\/pl\/wp-json\/wp\/v2\/media?parent=347"}],"curies":[{"name":"wp","href":"https:\/\/api.w.org\/{rel}","templated":true}]}}