{"id":342,"date":"2020-06-11T11:31:34","date_gmt":"2020-06-11T11:31:34","guid":{"rendered":"https:\/\/www.uploadgig.site\/?page_id=342"},"modified":"2020-07-31T08:00:40","modified_gmt":"2020-07-31T08:00:40","slug":"uploadgig-compte-premium-le-plus-fiable-des-hebergeurs-de-fichiers","status":"publish","type":"page","link":"https:\/\/www.uploadgig.site\/fr\/","title":{"rendered":"UploadGIG Compte Premium &#8211; Le plus fiable des h\u00e9bergeurs de fichiers"},"content":{"rendered":"\n<figure class=\"wp-block-image\"><img src=\"https:\/\/lh6.googleusercontent.com\/eLd64hkqZpZvvexc6__T_pMhb4eLSv9vfD2U6N-uxNYu08QYe6rneexVSrtfjxlRH2kfqfnDUb1A90brltWlHv78p_UT8zo1ApOSKpipZPNyn3agLijp4s8fF6TGdar9hISRY0fW\" alt=\"UploadGIG logo\" title=\"UploadGIG logo\"\/><\/figure>\n\n\n\n<p>Si vous souhaitez conserver vos fichiers et les partager avec d&rsquo;autres personnes mais que vous rencontrez un probl\u00e8me en raison de leur taille \u00e9norme qui ne peut \u00eatre conserv\u00e9e aussi longtemps sur vos e-mails, vos cl\u00e9s USB ou tout autre disque dur externe, alors voici la meilleure solution pour vous. Essayez cet h\u00e9bergeur de fichiers \u2043 UploadGIG !<\/p>\n\n\n\n<p>Pour plus d&rsquo;informations, veuillez cliquer sur <strong><a href=\"https:\/\/www.uploadgig.info\/fr\/\" target=\"_blank\" aria-label=\"undefined (opens in a new tab)\" rel=\"noreferrer noopener\">Uploadgig Premium<\/a><\/strong><\/p>\n\n\n<a class=\"maxbutton-1 maxbutton maxbutton-cta\" target=\"_blank\" rel=\"nofollow noopener\" href=\"\/go\/\"><span class='mb-text'>&gt;&gt; Allez sur le site officiel Uploadgig.com<\/span><\/a>\n\n\n<p><\/p>\n\n\n\n<h2>Qu&rsquo;est-ce que UploadGIG ? Comment cela peut-il aider ?<\/h2>\n\n\n\n<p>UploadGIG est r\u00e9put\u00e9 pour \u00eatre le site le plus fiable en tant qu&rsquo;h\u00e9bergeur de fichiers. Il est utilis\u00e9 par de plus en plus de personnes chaque ann\u00e9e. Il peut donner aux utilisateurs la possibilit\u00e9 de conserver, de t\u00e9l\u00e9charger et de partager leurs fichiers, m\u00eame s&rsquo;ils sont de grande taille, tels que des documents, des pr\u00e9sentations, des projets, des images, des films, des vid\u00e9os, de la musique ou des enregistrements, des logiciels ou des programmes, et d&rsquo;autres fichiers importants et m\u00eame moins importants.<\/p>\n\n\n\n<p>UploadGIG gardera s\u00fbrement tous ces types de fichiers en s\u00e9curit\u00e9 \u00e0 cent pour cent (100%) et dans ses bases de donn\u00e9es et serveurs.<\/p>\n\n\n\n<p>Lorsque vous pr\u00e9voyez de visiter le site officiel d&rsquo;UploadGIG, vous trouverez absolument facile \u00e0 explorer et \u00e0 comprendre les caract\u00e9ristiques et les fonctions de ce site.<\/p>\n\n\n\n<p>Il existe deux (2) types de comptes dans UploadGIG \u2043 : le compte gratuit UploadGIG et le compte Premium UploadGIG.<\/p>\n\n\n\n<ol><li>Compte gratuit UploadGIG \u2043 Les utilisateurs n&rsquo;ont rien \u00e0 payer pour ce compte, mais bien s\u00fbr, un compte gratuit a toujours une vitesse de t\u00e9l\u00e9chargement et d&rsquo;envoi plus lente, a un long temps d&rsquo;attente, n&rsquo;a pas la possibilit\u00e9 de t\u00e9l\u00e9charger plusieurs fichiers en m\u00eame temps, a beaucoup de publicit\u00e9s, de <a href=\"https:\/\/www.webopedia.com\/TERM\/B\/banner.html\" target=\"_blank\" rel=\"noreferrer noopener\">banni\u00e8res <\/a>et de captures sur toutes les pages web du site d&rsquo;UploadGIG et il a toujours des limitations en ce qui concerne les caract\u00e9ristiques et les services d&rsquo;un site web, donc UploadGIG recommande toujours son compte Premium aux utilisateurs pour qu&rsquo;ils obtiennent plus d&rsquo;espace de stockage et une vitesse de t\u00e9l\u00e9chargement plus rapide.<\/li><li>compte Premium UploadGIG \u2043 C&rsquo;est le type de compte le plus recommand\u00e9. Si les utilisateurs obtiennent ce compte, ils auront acc\u00e8s \u00e0 toutes les fonctionnalit\u00e9s et services d&rsquo;UploadGIG, mais bien s\u00fbr, ce n&rsquo;est pas gratuit, ils doivent d&rsquo;abord payer pour le plan de compte premium.<\/li><\/ol>\n\n\n\n<p>Avant d&rsquo;obtenir un compte pour UploadGIG, vous pouvez visiter leur site web officiel, aller \u00e0 la page d&rsquo;inscription et vous inscrire. Vous trouverez ci-dessous les quatre (4) fa\u00e7ons de vous inscrire sur UploadGIG.<\/p>\n\n\n\n<ol><li>Inscrivez-vous en utilisant le compte Google plus.<\/li><li>S&rsquo;inscrire en utilisant le compte Yahoo.<\/li><li>S&rsquo;inscrire \u00e0 l&rsquo;aide du compte Facebook.<\/li><li>S&rsquo;inscrire \u00e0 l&rsquo;aide du compte Twitter.<\/li><li>S&rsquo;inscrire \u00e0 l&rsquo;aide du formulaire d&rsquo;inscription du site web de UploadGIG dans lequel l&rsquo;utilisateur peut simplement entrer son adresse \u00e9lectronique et un mot de passe pr\u00e9f\u00e9r\u00e9.<\/li><\/ol>\n\n\n\n<p>\u00c0 des fins de v\u00e9rification, les utilisateurs doivent entrer le code ou les images correctes du captcha. Ensuite, cliquez sur le bouton \u00ab\u00a0S&rsquo;inscrire\u00a0\u00bb pour soumettre finalement les d\u00e9tails de l&rsquo;inscription. UploadGIG enverra un lien de v\u00e9rification aux adresses \u00e9lectroniques des utilisateurs, sur lequel il faudra cliquer pour v\u00e9rifier les comptes de chaque nouvel utilisateur.<\/p>\n\n\n\n<p>Si un utilisateur a d\u00e9j\u00e0 cr\u00e9\u00e9 un compte pour UploadGIG, il ou elle peut alors se rendre sur la page \u00ab\u00a0Sign In\u00a0\u00bb pour entrer sur le site de UploadGIG.<\/p>\n\n\n\n<h3>Comparer UploadGIG avec les autres sites d&rsquo;h\u00e9bergement de fichiers<\/h3>\n\n\n\n<p>Veuillez consulter le tableau ci-dessous pour comparer les diff\u00e9rences entre l&rsquo;UploadGIG et les autres sites d&rsquo;h\u00e9bergement de fichiers.<\/p>\n\n\n\n<figure class=\"wp-block-table\"><table><tbody><tr><td>UploadGIG<\/td><td>Autres sites d&rsquo;h\u00e9bergement de fichiers<\/td><\/tr><tr><td>Il s&rsquo;agit d&rsquo;un site web s\u00fbr \u00e0 cent pour cent (100 %) pour l&rsquo;h\u00e9bergement d&rsquo;un fichier.<\/td><td>Certains sites d&rsquo;h\u00e9bergement de fichiers sont des <a rel=\"noreferrer noopener\" href=\"https:\/\/dictionary.cambridge.org\/us\/dictionary\/english\/scam\" target=\"_blank\">escroqueries <\/a>et ne sont pas compl\u00e8tement s\u00e9curis\u00e9s.<\/td><\/tr><tr><td>L&rsquo;enregistrement ici est si facile. Il y a peu de d\u00e9tails sur les utilisateurs \u00e0 saisir.<\/td><td>L&rsquo;enregistrement sur certains sites d&rsquo;h\u00e9bergement de fichiers prend du temps lorsque les utilisateurs doivent entrer plus de d\u00e9tails sur le formulaire.<\/td><\/tr><tr><td>Il permet \u00e0 un utilisateur de se connecter \u00e0 son compte de m\u00e9dias sociaux ou de courrier \u00e9lectronique pour s&rsquo;inscrire.<\/td><td>Il ne permet pas \u00e0 un utilisateur de se connecter \u00e0 son compte de m\u00e9dias sociaux ou de courrier \u00e9lectronique pour s&rsquo;inscrire.<\/td><\/tr><tr><td>La fonction et les services de chargement, de t\u00e9l\u00e9chargement et de partage du ou des fichiers d&rsquo;un utilisateur fonctionnent correctement.<\/td><td>La fonction et les services de chargement, de t\u00e9l\u00e9chargement et de partage du ou des fichiers d&rsquo;un utilisateur ne fonctionnent pas.<\/td><\/tr><tr><td>UploadGIG offre \u00e0 ses membres un espace de stockage gratuit de deux millions de m\u00e9gaoctets (2 000 000 Mo) ou de deux t\u00e9raoctets (2 To).<\/td><td>Certains sites ont une taille de stockage plus petite pour leurs utilisateurs.<\/td><\/tr><tr><td>L&rsquo;\u00e9quipe de soutien d&rsquo;UploadGIG est tr\u00e8s r\u00e9active pour r\u00e9pondre aux questions de ses utilisateurs ou de ses membres ou \u00e0 toute pr\u00e9occupation qu&rsquo;ils pourraient avoir.<\/td><td>Les \u00e9quipes d&rsquo;assistance de certains autres sites d&rsquo;h\u00e9bergement de fichiers mettent beaucoup de temps \u00e0 r\u00e9pondre ou, au pire, ne r\u00e9pondent pas totalement.<\/td><\/tr><tr><td>Les revendeurs de comptes premium dans de nombreux endroits du monde sont fiables car ils sont contr\u00f4l\u00e9s et approuv\u00e9s par UploadGIG.<\/td><td>Certains revendeurs de comptes premium sont des escrocs.<\/td><\/tr><tr><td>Les utilisateurs peuvent gagner de l&rsquo;argent gr\u00e2ce \u00e0 l&rsquo;affiliation et les paiements et transactions sont ici s\u00e9curis\u00e9s.<\/td><td>Certains autres sites d&rsquo;h\u00e9bergement de fichiers n&rsquo;ont pas d&rsquo;affiliation, de sorte que leurs utilisateurs ne peuvent pas gagner d&rsquo;argent.<\/td><\/tr><tr><td>Les frais de retrait sont ici inf\u00e9rieurs \u00e0 ceux de tous les sites d&rsquo;h\u00e9bergement de fichiers qui commencent \u00e0 partir de trente dollars (30 $).<\/td><td>Dans certains autres sites d&rsquo;h\u00e9bergement de fichiers, les frais de retrait sont \u00e9lev\u00e9s.<\/td><\/tr><\/tbody><\/table><\/figure>\n\n\n\n<h2>Fichiers<\/h2>\n\n\n\n<p>Les utilisateurs peuvent g\u00e9rer leurs fichiers sur le site officiel d&rsquo;UploadGIG gr\u00e2ce \u00e0 ce qui suit :<\/p>\n\n\n\n<ul><li>Acc\u00e9der \u00e0<\/li><li>T\u00e9l\u00e9chargement<\/li><li>T\u00e9l\u00e9chargement<\/li><li>Recherche sur<\/li><li>Triage<\/li><li>Partage<\/li><li>Suppression de<\/li><\/ul>\n\n\n\n<p>Il existe trois (3) types de m\u00e9thodes pour t\u00e9l\u00e9charger votre ou vos fichiers sur UploadGIG. Il s&rsquo;agit du Web Upload, du Remote Upload et du File Transfer Protocol ou FTP.<\/p>\n\n\n\n<h3>Trois (3) m\u00e9thodes de t\u00e9l\u00e9chargement sur UploadGIG<\/h3>\n\n\n\n<figure class=\"wp-block-table\"><table><tbody><tr><td>T\u00e9l\u00e9chargement sur le web<\/td><td>T\u00e9l\u00e9chargement \u00e0 distance<\/td><td>Protocole de transfert de fichiers ou FTP<\/td><\/tr><tr><td>Les utilisateurs peuvent utiliser les diff\u00e9rents navigateurs web qu&rsquo;ils ont sur leurs appareils (ordinateurs de bureau, ordinateurs portables, t\u00e9l\u00e9phones mobiles ou tablettes) avec une connexion internet. Il suffit de se rendre sur le site officiel d&rsquo;UploadGIG pour t\u00e9l\u00e9charger le ou les fichiers.<\/td><td>Les utilisateurs peuvent utiliser le lien d&rsquo;un fichier pour t\u00e9l\u00e9charger ou transf\u00e9rer un ou plusieurs fichiers sur le site en utilisant la fonction de t\u00e9l\u00e9chargement de UploadGIG qui est le \u00ab\u00a0Remote Upload\u00a0\u00bb.<\/td><td>Les utilisateurs peuvent utiliser le protocole de transfert de fichiers ou les clients ou applications <a rel=\"noreferrer noopener\" href=\"https:\/\/searchnetworking.techtarget.com\/definition\/File-Transfer-Protocol-FTP\" target=\"_blank\">FTP <\/a>sur leurs appareils pour acc\u00e9der \u00e0 la fonction de t\u00e9l\u00e9chargement FTP de UploadGIG.<\/td><\/tr><\/tbody><\/table><figcaption>Prenez note : UploadGIG rappelle toujours \u00e0 ses utilisateurs qui veulent t\u00e9l\u00e9charger des fichiers de suivre les conditions g\u00e9n\u00e9rales et les politiques de leur site officiel. Ils ne permettent pas \u00e0 tous les utilisateurs de t\u00e9l\u00e9charger une photo ou des images anim\u00e9es, ou une vid\u00e9o, ou tout autre fichier li\u00e9 \u00e0 la violence, \u00e0 la pornographie ou aux comportements ou questions sexuels. Le ou les fichiers qui ont des droits d&rsquo;auteur ne peuvent pas \u00eatre t\u00e9l\u00e9charg\u00e9s sur le site. Tout utilisateur qui ne respecte pas ces r\u00e8gles, son compte sur UploadGIG sera temporairement suspendu ou r\u00e9sili\u00e9, ou dans le pire des cas, il sera supprim\u00e9 par UploadGIG sur toutes ses bases de donn\u00e9es et serveurs.<\/figcaption><\/figure>\n\n\n\n<ul><li><strong>Recherche de fichiers <\/strong>: Une fois que les utilisateurs ont fini de t\u00e9l\u00e9charger un ou plusieurs fichiers sur le site d&rsquo;UploadGIG, ils peuvent les rechercher. Les fichiers seront recherch\u00e9s de mani\u00e8re approfondie \u00e0 partir des serveurs et des bases de donn\u00e9es d&rsquo;UploadGIG. Un utilisateur ne peut pas rechercher un fichier des autres utilisateurs ou propri\u00e9taires. Il s&rsquo;agit de prot\u00e9ger la confidentialit\u00e9 des fichiers ainsi que le compte. C&rsquo;est pourquoi UploadGIG ne permet pas \u00e0 un utilisateur de rechercher un ou des fichiers t\u00e9l\u00e9charg\u00e9s par les autres utilisateurs car cela est consid\u00e9r\u00e9 comme une chose ill\u00e9gale.<\/li><li><strong>Trier les fichiers <\/strong>: Les utilisateurs peuvent \u00e9galement trier les fichiers qu&rsquo;ils ont t\u00e9l\u00e9charg\u00e9s pour les organiser selon leurs pr\u00e9f\u00e9rences et la fa\u00e7on dont ils apparaissent sur le site d&rsquo;UploadGIG.<\/li><li><strong>Supprimer des fichiers<\/strong> : Les utilisateurs peuvent \u00e9galement supprimer ou retirer le ou les fichiers s\u00e9lectionn\u00e9s sur le site d&rsquo;UploadGIG s&rsquo;ils n&rsquo;ont plus besoin ou ne veulent plus les conserver et ceux-ci seront \u00e9galement supprim\u00e9s des serveurs et des bases de donn\u00e9es d&rsquo;UploadGIG. Pour qu&rsquo;un utilisateur puisse supprimer son ou ses fichiers, il doit soumettre une demande de suppression \u00e0 UploadGIG, puis UploadGIG fournira le lien de suppression sur lequel les utilisateurs devront cliquer pour supprimer le ou les fichiers avec succ\u00e8s. UploadGIG recommande toujours \u00e0 ses utilisateurs de ne pas perdre le lien de suppression qui leur sera fourni, mais si les utilisateurs le perdent, la seule fa\u00e7on de supprimer le ou les fichiers est d&rsquo;attendre la date d&rsquo;expiration et ceux-ci seront tous automatiquement supprim\u00e9s par le syst\u00e8me d&rsquo;UploadGIG. Cependant, si les utilisateurs ont vraiment besoin de supprimer le ou les fichiers sp\u00e9cifiques, alors c&rsquo;est le moment de contacter le service client\u00e8le d&rsquo;UploadGIG.<\/li><\/ul>\n\n\n\n<h2>UploadGIG premium Compte<\/h2>\n\n\n\n<h3>Caract\u00e9ristiques du compte Premium UploadGIG<\/h3>\n\n\n\n<ul><li><strong>Retards dans les t\u00e9l\u00e9chargements <\/strong>\u2043 Dans les comptes premium, il n&rsquo;y a pas de retard dans les t\u00e9l\u00e9chargements. Les membres du compte premium peuvent acc\u00e9der, t\u00e9l\u00e9charger et t\u00e9l\u00e9charger le ou les fichiers imm\u00e9diatement sans avoir \u00e0 attendre plus longtemps, tandis que les membres du compte gratuit doivent toujours attendre soixante (60) secondes.<\/li><li><strong>Stockage s\u00fbr et s\u00e9curis\u00e9 des fichiers<\/strong> \u2043 Les fichiers des utilisateurs ou des membres du compte premium sont conserv\u00e9s aussi longtemps qu&rsquo;ils en ont besoin et sont toujours disponibles pour un acc\u00e8s \u00e0 tout moment via Internet, mais les utilisateurs du compte gratuit peuvent conserver leurs fichiers temporairement pendant trente (30) jours seulement sur le site web et apr\u00e8s ces jours, leurs fichiers seront automatiquement supprim\u00e9s sur le site.<\/li><li><strong>T\u00e9l\u00e9chargements multiples de fichiers <\/strong>\u2043 Les membres du compte premium peuvent t\u00e9l\u00e9charger le ou les fichiers qu&rsquo;ils souhaitent plusieurs fois en m\u00eame temps avec un d\u00e9bit maximal, mais la vitesse de leur connexion internet compte lorsqu&rsquo;ils t\u00e9l\u00e9chargent le ou les fichiers. Ils ont de la chance s&rsquo;ils disposent d&rsquo;une connexion internet rapide. Les utilisateurs du compte gratuit n&rsquo;y ont pas acc\u00e8s, ils ne peuvent t\u00e9l\u00e9charger qu&rsquo;un seul fichier \u00e0 la fois.<\/li><li><strong>Pause des t\u00e9l\u00e9chargements de fichiers<\/strong> \u2043 Les membres du compte premium peuvent mettre en pause le t\u00e9l\u00e9chargement du ou des fichiers pendant quelques secondes ou minutes. Les utilisateurs du compte gratuit n&rsquo;y ont pas acc\u00e8s.<\/li><li><strong>Reprendre les t\u00e9l\u00e9chargements de fichiers<\/strong> \u2043 Les membres du compte premium peuvent reprendre le t\u00e9l\u00e9chargement du ou des fichiers une fois qu&rsquo;ils ont \u00e9t\u00e9 mis en pause ou arr\u00eat\u00e9s. Les utilisateurs du compte gratuit n&rsquo;y ont pas acc\u00e8s.<\/li><li><strong>T\u00e9l\u00e9chargement plus rapide<\/strong> \u2043 Les membres du compte premium peuvent b\u00e9n\u00e9ficier d&rsquo;une vitesse de t\u00e9l\u00e9chargement maximale. Bien s\u00fbr, l\u00e0 encore, la connexion Internet des utilisateurs est toujours importante pour le t\u00e9l\u00e9chargement, mais ne vous inqui\u00e9tez pas car si le t\u00e9l\u00e9chargement a \u00e9t\u00e9 interrompu par les interruptions d&rsquo;Internet, le syst\u00e8me d&rsquo;UploadGIG mettra automatiquement le t\u00e9l\u00e9chargement en pause, de sorte que les utilisateurs ne recommenceront pas le t\u00e9l\u00e9chargement \u00e0 partir de z\u00e9ro.<\/li><li><strong>Publicit\u00e9s, Banni\u00e8res et Captchas<\/strong> \u2043 Les publicit\u00e9s, banni\u00e8res et captchas sont toujours ennuyeuses sur la page web d&rsquo;un site, surtout si un utilisateur regarde, t\u00e9l\u00e9charge, cherche, t\u00e9l\u00e9charge ou partage quelque chose. Avec l&rsquo;utilisation de Uploadgig Premium, les utilisateurs ou les membres peuvent \u00eatre lib\u00e9r\u00e9s de tout cela lorsqu&rsquo;ils utilisent le site.<\/li><\/ul>\n\n\n<a class=\"maxbutton-1 maxbutton maxbutton-cta\" target=\"_blank\" rel=\"nofollow noopener\" href=\"\/go\/\"><span class='mb-text'>&gt;&gt; Allez sur le site officiel Uploadgig.com<\/span><\/a>\n\n\n<p><\/p>\n\n\n\n<p>En outre, UploadGIG offre six (6) plans de primes pour les membres du compte premium d&rsquo;UploadGIG. Les membres peuvent maintenir les plans de compte premium qu&rsquo;ils ont choisis pendant trente (30) jours, quatre-vingt-dix (90) jours, cent quatre-vingt (180) jours ou trois cent soixante-cinq (365) jours, mais cela d\u00e9pend de ce qu&rsquo;ils veulent obtenir. En outre, UploadGIG permet \u00e0 ses membres de payer le plan de prime \u00e0 de nombreuses options de paiement. Les membres ne doivent pas s&rsquo;inqui\u00e9ter car UploadGIG utilise un niveau de s\u00e9curit\u00e9 \u00e9lev\u00e9 pour s&rsquo;assurer que les donn\u00e9es ou les informations de leurs clients ou de leurs membres sont prot\u00e9g\u00e9es et s\u00e9curis\u00e9es.<\/p>\n\n\n\n<h3>UploadGIG Premium Account Plans<\/h3>\n\n\n\n<figure class=\"wp-block-table\"><table><tbody><tr><td>Nombre de jours ou de mois<\/td><td>Prix<\/td><td>Transactions et paiements s\u00e9curis\u00e9s<\/td><td>T\u00e9l\u00e9chargement de fichiers multiples<\/td><td>Le temps d&rsquo;attendre<\/td><td>Annonces et Captcha<\/td><td>Options de paiement<\/td><\/tr><tr><td>Trente (30) jours ou un (1) mois<\/td><td>Douze dollars (12,00 $)<\/td><td>\u2714Oui<\/td><td>\u2714Oui<\/td><td>\u2716Aucune<\/td><td>\u2716Aucune<\/td><td><br>PayPal, Visa, MasterCard, Discover, American Express, Direct Debit, Bitcoin ou Altcoin, Trustpay, Alipay, Banamex, Neosurf, Poli, Boleto, DineroMail, Yandex money, etc<\/td><\/tr><tr><td>Quatre-vingt-dix (90) jours ou trois (3) mois<\/td><td>Vingt-six dollars (26,00 $)<\/td><td>\u2714Oui<\/td><td>\u2714Oui<\/td><td>\u2716Aucune<\/td><td>\u2716Aucune<\/td><td>PayPal, Visa, MasterCard, Discover, American Express, Direct Debit, Bitcoin ou Altcoin, Trustpay, Alipay, Banamex, Neosurf, Poli, Boleto, DineroMail, Yandex money, etc<\/td><\/tr><tr><td>Cent quatre-vingts (180) jours ou six (6) mois<\/td><td>Quarante-six dollars (46,00 $)<\/td><td>\u2714Oui<\/td><td>\u2714Oui<\/td><td>\u2716Aucune<\/td><td>\u2716Aucune<\/td><td>PayPal, Visa, MasterCard, Discover, American Express, Direct Debit, Bitcoin or Altcoin, Trustpay, Alipay, Banamex, Neosurf, Poli, Boleto, DineroMail, Yandex money, etc<\/td><\/tr><tr><td>Trois cent soixante-cinq (365) jours ou douze (12) mois \u272eBEST\u272e<\/td><td>Quatre-vingt-six dollars (86,00 $)<\/td><td>\u2714Oui<\/td><td>\u2714Oui<\/td><td>\u2716Aucune<\/td><td>\u2716Aucune<\/td><td>PayPal, Visa, MasterCard, Discover, American Express, Direct Debit, Bitcoin or Altcoin, Trustpay, Alipay, Banamex, Neosurf, Poli, Boleto, DineroMail, Yandex money, etc<\/td><\/tr><\/tbody><\/table><\/figure>\n\n\n\n<p>Si les utilisateurs ne sont pas satisfaits ou ne sont plus satisfaits des caract\u00e9ristiques et des services du plan premium, ils peuvent alors r\u00e9silier leur abonnement et demander son remboursement. Ne vous inqui\u00e9tez pas car UploadGIG est pr\u00eat \u00e0 rembourser leur argent apr\u00e8s que la demande de remboursement ait \u00e9t\u00e9 accord\u00e9e.<\/p>\n\n\n\n<h2>Programme d&rsquo;affiliation de UploadGIG<\/h2>\n\n\n\n<p>Les gens peuvent gagner de l&rsquo;argent en utilisant UploadGIG. Ils peuvent vendre les plans de primes de UploadGIG en tant que revendeur. En outre, ils peuvent utiliser UploadGIG pour adh\u00e9rer au programme d&rsquo;affiliation.<\/p>\n\n\n\n<p>Il existe six (6) types de niveaux de compte du programme d&rsquo;affiliation d&rsquo;UploadGIG :<\/p>\n\n\n\n<ol><li>Compte de base,<\/li><li>Compte Bronze,<\/li><li>Compte d&rsquo;argent,<\/li><li>Compte d&rsquo;or,<\/li><li>Compte de platine, et<\/li><li>Compte de diamants<\/li><\/ol>\n\n\n\n<p>Les membres d&rsquo;UploadGIG peuvent gagner de l&rsquo;argent gr\u00e2ce \u00e0 leurs recommandations en fonction du type de compte d&rsquo;affili\u00e9 sur lequel ils se trouvent.<\/p>\n\n\n\n<p>Veuillez consulter le tableau ci-dessous pour savoir en quoi ces six (6) types diff\u00e8rent.<\/p>\n\n\n\n<h3>Niveaux des comptes d&rsquo;affiliation UploadGIG<\/h3>\n\n\n\n<figure class=\"wp-block-table\"><table><tbody><tr><td>Types de niveaux de comptes d&rsquo;affili\u00e9s<\/td><td>De base<\/td><td>Bronze<\/td><td>Argent<\/td><td>Or<\/td><td>Platine<\/td><td>Diamant<\/td><\/tr><tr><td>Taille de l&rsquo;espace de stockage<\/td><td>Deux mille gigaoctets (2 000 Go) ou deux t\u00e9raoctets (2 TB)<\/td><td>Quatre mille gigaoctets (4 000 Go) ou quatre t\u00e9raoctets (4 TB)<\/td><td>Huit mille gigaoctets (8 000 Go) ou huit t\u00e9raoctets (8 TB)<\/td><td>Vingt mille gigaoctets (20 000 Go) ou vingt t\u00e9raoctets (20 TB)<\/td><td>Cinquante mille gigaoctets (50 000 Go) ou cinquante t\u00e9raoctets (50 TB)<\/td><td>Cent gigaoctets (100 000 Go) ou deux t\u00e9raoctets (100 TB)<\/td><\/tr><tr><td>La date d&rsquo;expiration d&rsquo;un dossier<\/td><td>Soixante (60) jours<\/td><td>Quatre-vingts (80) jours<\/td><td>Quatre-vingt-dix (90) jours<\/td><td>Cent vingt (120) jours<\/td><td>Cent quatre-vingts (180) jours<\/td><td>Trois cent soixante-cinq (365) jours<\/td><\/tr><tr><td>Paiement par vente (PPS) et taux de refacturation<\/td><td>Cinquante pour cent (50%)<\/td><td>Soixante pour cent (60%)<\/td><td>Soixante-cinq pour cent (65 %)<\/td><td>Soixante-dix pour cent (70%)<\/td><td>Soixante-quinze pour cent (75 %)<\/td><td>Quatre-vingt pour cent (80%)<\/td><\/tr><tr><td>Paiements<\/td><td>Le paiement prendra quinze (15) jours<\/td><td>Le paiement prendra quinze (12) jours<\/td><td>Le paiement prendra quinze (10) jours<\/td><td>Le paiement prendra quinze (7) jours<\/td><td>Le paiement prendra quinze (5) jours<\/td><td>Payout will take two (2)days<\/td><\/tr><tr><td>Augmenter le niveau des affili\u00e9s<\/td><td>aucun<\/td><td>plus deux cents dollars (+200$)<\/td><td>plus cinq cents dollars (+500$)<\/td><td>plus cinq cents dollars (+2000$)<\/td><td>plus cinq cents dollars (+5000$)<\/td><td>plus twenty thousand dollars (+$2,000)<\/td><\/tr><\/tbody><\/table><figcaption>La soci\u00e9t\u00e9 d&rsquo;UploadGIG est pr\u00eate \u00e0 payer dix pour cent (10 %) des ventes du site web des membres affili\u00e9s ou des revendeurs.<br>*Aussi, n&rsquo;oubliez pas que le d\u00e9lai de paiement sera toujours publi\u00e9 les jours ouvrables.<\/figcaption><\/figure>\n\n\n\n<h2>Poser une question ?<\/h2>\n\n\n\n<p>Si les utilisateurs souhaitent poser des questions, ils peuvent se rendre sur la page d&rsquo;assistance du site officiel d&rsquo;UploadGIG pour ouvrir un ticket pour ses supports en remplissant le formulaire de ticket ou ils peuvent \u00e9galement \u00e9crire un e-mail au support client, mais il est d&rsquo;abord recommand\u00e9 de lire les informations dans les termes de services ou ToS, le site ou les politiques de services, et la Foire aux questions ou FAQ d&rsquo;UploadGIG.<\/p>\n\n\n<a class=\"maxbutton-1 maxbutton maxbutton-cta\" target=\"_blank\" rel=\"nofollow noopener\" href=\"\/go\/\"><span class='mb-text'>&gt;&gt; Allez sur le site officiel Uploadgig.com<\/span><\/a>\n\n\n<p><\/p>\n","protected":false},"excerpt":{"rendered":"<p>Si vous souhaitez conserver vos fichiers et les partager avec d&rsquo;autres personnes mais que vous rencontrez un probl\u00e8me en raison de leur taille \u00e9norme qui ne peut \u00eatre conserv\u00e9e aussi longtemps sur vos e-mails, vos cl\u00e9s USB ou tout autre disque dur externe, alors voici la meilleure solution pour vous. Essayez cet h\u00e9bergeur de fichiers [&hellip;]<\/p>\n","protected":false},"author":6,"featured_media":0,"parent":0,"menu_order":0,"comment_status":"closed","ping_status":"closed","template":"","meta":[],"_links":{"self":[{"href":"https:\/\/www.uploadgig.site\/fr\/wp-json\/wp\/v2\/pages\/342"}],"collection":[{"href":"https:\/\/www.uploadgig.site\/fr\/wp-json\/wp\/v2\/pages"}],"about":[{"href":"https:\/\/www.uploadgig.site\/fr\/wp-json\/wp\/v2\/types\/page"}],"author":[{"embeddable":true,"href":"https:\/\/www.uploadgig.site\/fr\/wp-json\/wp\/v2\/users\/6"}],"replies":[{"embeddable":true,"href":"https:\/\/www.uploadgig.site\/fr\/wp-json\/wp\/v2\/comments?post=342"}],"version-history":[{"count":3,"href":"https:\/\/www.uploadgig.site\/fr\/wp-json\/wp\/v2\/pages\/342\/revisions"}],"predecessor-version":[{"id":378,"href":"https:\/\/www.uploadgig.site\/fr\/wp-json\/wp\/v2\/pages\/342\/revisions\/378"}],"wp:attachment":[{"href":"https:\/\/www.uploadgig.site\/fr\/wp-json\/wp\/v2\/media?parent=342"}],"curies":[{"name":"wp","href":"https:\/\/api.w.org\/{rel}","templated":true}]}}