{"id":349,"date":"2020-06-11T10:36:34","date_gmt":"2020-06-11T10:36:34","guid":{"rendered":"https:\/\/www.uploadgig.site\/?page_id=349"},"modified":"2020-07-31T08:04:17","modified_gmt":"2020-07-31T08:04:17","slug":"uploadgig-premium-account-the-most-reliable-file-hoster-2","status":"publish","type":"page","link":"https:\/\/www.uploadgig.site\/es\/","title":{"rendered":"UploadGIG Cuenta Premium &#8211; El m\u00e1s confiable archivador de archivos"},"content":{"rendered":"\n<figure class=\"wp-block-image\"><img src=\"https:\/\/lh6.googleusercontent.com\/eLd64hkqZpZvvexc6__T_pMhb4eLSv9vfD2U6N-uxNYu08QYe6rneexVSrtfjxlRH2kfqfnDUb1A90brltWlHv78p_UT8zo1ApOSKpipZPNyn3agLijp4s8fF6TGdar9hISRY0fW\" alt=\"UploadGIG logo\" title=\"UploadGIG logo\"\/><\/figure>\n\n\n\n<p>Si quieres conservar tus archivos y compartirlos con otras personas, pero tienes un problema debido a su enorme tama\u00f1o que no puede mantenerse en tus correos electr\u00f3nicos o unidades flash o cualquier disco duro externo durante tanto tiempo, entonces aqu\u00ed tienes la mejor soluci\u00f3n para ti. Pruebe este hoster de archivos \u2043 UploadGIG!<\/p>\n\n\n\n<p>Para m\u00e1s informaci\u00f3n, por favor haga clic en <strong><a href=\"https:\/\/www.uploadgig.info\/pt-pt\/es\/\" target=\"_blank\" aria-label=\"undefined (opens in a new tab)\" rel=\"noreferrer noopener\">Uploadgig Premium<\/a><\/strong><\/p>\n\n\n<a class=\"maxbutton-1 maxbutton maxbutton-cta\" target=\"_blank\" rel=\"nofollow noopener\" href=\"\/go\/\"><span class='mb-text'>&gt;&gt; Ir a la p\u00e1gina web oficial de Uploadgig.com<\/span><\/a>\n\n\n<p><\/p>\n\n\n\n<h2>\u00bfQu\u00e9 es UploadGIG? \u00bfC\u00f3mo puede ayudar?<\/h2>\n\n\n\n<p>UploadGIG es famoso por ser el sitio m\u00e1s fiable como anfitri\u00f3n de archivos. Es usado por m\u00e1s y m\u00e1s gente cada a\u00f1o. Puede dar a los usuarios el poder de guardar, subir, descargar y compartir sus archivos, incluso si estos tienen un gran tama\u00f1o. como documentos, presentaciones, proyectos, im\u00e1genes, pel\u00edculas, o cualquier video, m\u00fasica o grabaciones, software o programas, y otros importantes e incluso los no tan importantes.<\/p>\n\n\n\n<p>UploadGIG seguramente mantendr\u00e1 todos esos tipos de archivos cien por ciento (100%) seguros y cien por ciento (100%) seguros en sus bases de datos y servidores.<\/p>\n\n\n\n<p>Cuando planees visitar el sitio web oficial de UploadGIG, lo encontrar\u00e1s absolutamente f\u00e1cil de explorar y entender las caracter\u00edsticas y funciones del mismo.<\/p>\n\n\n\n<p>Hay dos (2) tipos de cuentas en UploadGIG \u2043 Cuenta gratuita de UploadGIG y Cuenta Premium de UploadGIG.<\/p>\n\n\n\n<ol><li><strong>Cuenta gratuita de UploadGIG<\/strong> \u2043 Los usuarios no necesitan pagar nada por esta cuenta, pero por supuesto, una cuenta gratuita siempre tiene una tasa de velocidad de carga y descarga m\u00e1s lenta, tiene un largo tiempo de espera, no tiene la capacidad de descargar m\u00faltiples archivos al mismo tiempo, tiene muchos anuncios, <a rel=\"noreferrer noopener\" href=\"https:\/\/www.webopedia.com\/TERM\/B\/banner.html\" target=\"_blank\">banners<\/a>, y captchas en todas las p\u00e1ginas web del sitio de UploadGIG y siempre tiene limitaciones en cuanto a las caracter\u00edsticas y servicios de un sitio web, por lo que UploadGIG siempre recomienda su Cuenta Premium a los usuarios para que obtengan m\u00e1s espacio de almacenamiento y una tasa de velocidad m\u00e1s r\u00e1pida en la carga y descarga.<\/li><li><strong>Cuenta Premium de UploadGIG<\/strong> \u2043 Este es el tipo de cuenta m\u00e1s recomendado para obtener. Si los usuarios obtienen esta cuenta, tendr\u00e1n acceso a todas las caracter\u00edsticas y servicios de UploadGIG, pero por supuesto, esto no es gratis, necesitan pagar por el plan de cuenta premium primero.<\/li><\/ol>\n\n\n\n<p>Antes de que puedas tener una cuenta para UploadGIG, puedes visitar su sitio web oficial, ir a la p\u00e1gina de registro, y registrarte. A continuaci\u00f3n se presentan las cuatro (4) formas de registrarse en UploadGIG.<\/p>\n\n\n\n<ol><li>Reg\u00edstrate usando la cuenta de Google plus.<\/li><li>Reg\u00edstrate usando la cuenta de Yahoo.<\/li><li>Registrarse con la cuenta de Facebook.<\/li><li>Registrarse con la cuenta de Twitter.<\/li><li>Registrarse usando el formulario de registro del sitio web de UploadGIG donde un usuario puede simplemente introducir su direcci\u00f3n de correo electr\u00f3nico y una contrase\u00f1a preferida.<\/li><\/ol>\n\n\n\n<p>Para prop\u00f3sitos de verificaci\u00f3n, los usuarios deben introducir el c\u00f3digo correcto o las im\u00e1genes del captcha. Luego, haga clic en el bot\u00f3n \u00abRegistro\u00bb para finalmente enviar los detalles del registro. UploadGIG enviar\u00e1 un enlace de verificaci\u00f3n a las direcciones de correo electr\u00f3nico de los usuarios, en el que se debe hacer clic para verificar las cuentas de cada nuevo usuario.<\/p>\n\n\n\n<p>Si alguna vez un usuario ya ha hecho una cuenta para UploadGIG, entonces \u00e9l o ella puede proceder a la p\u00e1gina de \u00abRegistro\u00bb para entrar en el sitio de UploadGIG.<\/p>\n\n\n\n<h3>Compare UploadGIG con los otros sitios de alojamiento de archivos<\/h3>\n\n\n\n<p>Por favor, vea la siguiente tabla para comparar c\u00f3mo el UploadGIG difiere de los otros sitios de alojamiento de archivos.<\/p>\n\n\n\n<figure class=\"wp-block-table\"><table><tbody><tr><td>UploadGIG<\/td><td>Otros sitios de alojamiento de archivos<\/td><\/tr><tr><td>Es cien por ciento (100%) seguro y cien por ciento (100%) seguro el sitio web para alojar un archivo.<\/td><td>Algunos sitios de alojamiento de archivos son una <a rel=\"noreferrer noopener\" href=\"https:\/\/dictionary.cambridge.org\/us\/dictionary\/english\/scam\" target=\"_blank\">estafa <\/a>y no son completamente seguros.<\/td><\/tr><tr><td>El registro aqu\u00ed es muy f\u00e1cil. Se necesitan pocos detalles de los usuarios para ingresar.<\/td><td>El registro en algunos sitios de alojamiento de archivos lleva tiempo cuando se necesita que los usuarios introduzcan m\u00e1s detalles en el formulario.<\/td><\/tr><tr><td>Permite al usuario conectar sus medios sociales o su cuenta de correo electr\u00f3nico para registrarse.<\/td><td>No permite que un usuario se conecte a sus medios sociales o a su cuenta de correo electr\u00f3nico para registrarse.<\/td><\/tr><tr><td>La funci\u00f3n y los servicios para subir, bajar y compartir el o los archivos de un usuario funcionan correctamente.<\/td><td>La funci\u00f3n y los servicios para subir, bajar y compartir el o los archivos de un usuario no funcionan.<\/td><\/tr><tr><td>UploadGIG ofrece espacio de almacenamiento gratuito con dos millones de megabytes (2.000.000 MB) o dos terabytes (2 TB) para sus miembros.<\/td><td>Algunos sitios tienen un tama\u00f1o de almacenamiento m\u00e1s peque\u00f1o para sus usuarios.<\/td><\/tr><tr><td>El equipo de apoyo de UploadGIG es muy receptivo para responder a las preguntas de sus usuarios o miembros o cualquier preocupaci\u00f3n que puedan tener.<\/td><td>Los equipos de apoyo de algunos otros sitios de alojamiento de archivos est\u00e1n tardando mucho en responder o, en el peor de los casos, no est\u00e1n respondiendo totalmente.<\/td><\/tr><tr><td>Los revendedores de las cuentas premium en muchos lugares del mundo son fiables porque est\u00e1n comprobados y aprobados por UploadGIG.<\/td><td>Algunos revendedores de las cuentas premium son estafadores.<\/td><\/tr><tr><td>Los usuarios pueden ganar dinero a trav\u00e9s de la afiliaci\u00f3n y los pagos y transacciones aqu\u00ed est\u00e1n asegurados.<\/td><td>Algunos otros sitios de alojamiento de archivos no tienen afiliaci\u00f3n, por lo que sus usuarios no pueden ganar dinero.<\/td><\/tr><tr><td>La tarifa de retirada aqu\u00ed es m\u00e1s baja que la de cualquier sitio de alojamiento de archivos que comienza a partir de treinta d\u00f3lares ($30).<\/td><td>La tarifa de retirada en algunos otros sitios de alojamiento de archivos es alta.<\/td><\/tr><\/tbody><\/table><\/figure>\n\n\n\n<h2>Archivos<\/h2>\n\n\n\n<p>Los usuarios pueden gestionar sus archivos en el sitio oficial de UploadGIG a trav\u00e9s de lo siguiente:<\/p>\n\n\n\n<ul><li>Accediendo a<\/li><li>Cargando<\/li><li>Descargando<\/li><li>Buscando en<\/li><li>Clasificaci\u00f3n<\/li><li>Compartir<\/li><li>Suprimir<\/li><\/ul>\n\n\n\n<p>Hay tres (3) tipos de m\u00e9todos para subir su archivo o archivos en UploadGIG. Estos son el Web Upload, Remote Upload, y el Protocolo de Transferencia de Archivos o FTP.<\/p>\n\n\n\n<h3>Tres (3) m\u00e9todos de carga en UploadGIG<\/h3>\n\n\n\n<figure class=\"wp-block-table\"><table><tbody><tr><td>Subir a la web<\/td><td>Carga remota<\/td><td>Protocolo de transferencia de archivos o FTP<\/td><\/tr><tr><td>Los usuarios pueden utilizar los diferentes navegadores web que tienen en sus dispositivos (ordenadores de sobremesa, port\u00e1tiles, tel\u00e9fonos m\u00f3viles o tabletas) con una conexi\u00f3n a Internet. S\u00f3lo tiene que ir a la p\u00e1gina web oficial de UploadGIG para subir el o los archivos.<\/td><td>Los usuarios pueden utilizar el enlace de un archivo para subir o transferir un archivo o archivos al sitio utilizando la funci\u00f3n de subida de UploadGIG que es la \u00abSubida Remota\u00bb.<\/td><td>Los usuarios pueden utilizar el Protocolo de Transferencia de Archivos o clientes o aplicaciones <a rel=\"noreferrer noopener\" href=\"https:\/\/searchnetworking.techtarget.com\/definition\/File-Transfer-Protocol-FTP\" target=\"_blank\">FTP <\/a>en sus dispositivos para acceder a la funci\u00f3n de carga FTP de UploadGIG.<\/td><\/tr><\/tbody><\/table><figcaption>Nota: UploadGIG siempre recuerda a sus usuarios que quieren subir deben seguir los t\u00e9rminos y condiciones y las pol\u00edticas que se encuentran en su sitio web oficial. No permiten que todos los usuarios suban una foto o pel\u00edcula, o un video, o cualquier archivo relacionado con la violencia, y el porno o comportamientos o asuntos sexuales. No se permite subir al sitio el archivo o los archivos que tengan derechos de autor. Cualquier usuario que se encuentre sin seguirlos, su cuenta en UploadGIG ser\u00e1 temporalmente suspendida o terminada, o en el peor de los casos ser\u00e1 borrada por UploadGIG en todas sus bases de datos y servidores.<\/figcaption><\/figure>\n\n\n\n<p><strong>Busca en los archivos<\/strong>: Una vez que los usuarios terminan de subir un archivo o archivos al sitio de UploadGIG, pueden buscarlo. Los archivos ser\u00e1n buscados minuciosamente desde los servidores y bases de datos de UploadGIG. Un usuario no puede buscar un archivo de los otros usuarios o propietarios. Es para proteger la privacidad de los archivos as\u00ed como la cuenta. Por eso UploadGIG no permite a un usuario buscar un archivo o archivos subidos por los otros usuarios porque se considera algo ilegal.<\/p>\n\n\n\n<p><strong>Clasificar archivos<\/strong>: Los usuarios tambi\u00e9n pueden hacer la clasificaci\u00f3n de sus archivos subidos para organizar en lo que prefieran c\u00f3mo sus archivos aparecer\u00e1n en el sitio de UploadGIG.<\/p>\n\n\n\n<p><strong>Borrar archivos<\/strong>: Los usuarios tambi\u00e9n pueden borrar o eliminar el archivo o archivos seleccionados en el sitio de UploadGIG si ya no lo necesitan o quieren conservarlo m\u00e1s y estos tambi\u00e9n ser\u00e1n eliminados de los servidores y bases de datos de UploadGIG. Para que un usuario pueda borrar su archivo o archivos, necesita enviar una solicitud de eliminaci\u00f3n a UploadGIG, entonces UploadGIG ser\u00e1 el que proporcione el enlace de eliminaci\u00f3n que los usuarios necesitan para hacer clic para eliminar con \u00e9xito el archivo o archivos. UploadGIG siempre recomienda a sus usuarios que no pierdan el enlace de eliminaci\u00f3n que se les proporcionar\u00e1, pero si los usuarios lo pierden, la \u00fanica forma de eliminar el archivo o archivos es esperar a la fecha en que caduque y todos ellos ser\u00e1n eliminados autom\u00e1ticamente por el sistema de UploadGIG. Sin embargo, si los usuarios necesitan urgentemente borrar el o los archivos espec\u00edficos, entonces es el momento de ponerse en contacto con el servicio de atenci\u00f3n al cliente de UploadGIG.<\/p>\n\n\n\n<h2>Subir la cuenta Premium de GIG<\/h2>\n\n\n\n<h3>Caracter\u00edsticas de la cuenta UploadGIG Premium<\/h3>\n\n\n\n<ul><li><strong>Retrasos en las descargas<\/strong> \u2043 En las cuentas premium, no hay retrasos en las descargas. Los miembros de la cuenta premium pueden acceder, subir y descargar el o los archivos inmediatamente sin tener que esperar m\u00e1s tiempo, mientras que los miembros de la cuenta gratuita siempre tienen que esperar sesenta (60) segundos.<\/li><li><strong>Almacenamiento seguro de archivos<\/strong> \u2043 Los archivos de los usuarios o miembros de la cuenta premium se guardan durante todo el tiempo que los necesiten y siempre est\u00e1n disponibles para acceder a ellos en cualquier momento a trav\u00e9s de Internet, pero los usuarios de la cuenta gratuita pueden guardar sus archivos temporalmente durante s\u00f3lo treinta (30) d\u00edas en el sitio web y despu\u00e9s de esos d\u00edas sus archivos se eliminar\u00e1n autom\u00e1ticamente en el sitio.<\/li><li><strong>Descargas m\u00faltiples de archivos<\/strong> \u2043 Los miembros de la cuenta premium pueden descargar el archivo o los archivos que deseen varias veces al mismo tiempo con una velocidad m\u00e1xima, pero la velocidad de su conexi\u00f3n a Internet es importante cuando descargan el archivo o los archivos. Tienen suerte si tienen una conexi\u00f3n r\u00e1pida a Internet. Los usuarios de la cuenta gratuita no tienen acceso a esto, s\u00f3lo pueden descargar un \u00fanico archivo una vez.<\/li><li><strong>Pausar la descarga de archivos<\/strong> \u2043 Los miembros de la cuenta premium pueden pausar la descarga del archivo o archivos durante unos segundos o minutos. Los usuarios de la cuenta gratuita no tienen acceso a esto.<\/li><li><strong>Reanudar la descarga de archivos<\/strong> \u2043 Los usuarios de la cuenta premium pueden reanudar la descarga del archivo o archivos una vez que estos se han pausado o detenido. Los usuarios de la cuenta gratuita no tienen acceso a esto.<\/li><li><strong>Descargas m\u00e1s r\u00e1pidas<\/strong> \u2043 Los miembros de la cuenta premium pueden experimentar la velocidad de descarga al m\u00e1ximo. Por supuesto, de nuevo, la conexi\u00f3n a Internet de los usuarios siempre importa en la descarga, pero no se preocupe porque si la descarga fue detenida por las interrupciones de Internet, el sistema de UploadGIG autom\u00e1ticamente pausar\u00e1 la descarga, por lo que los usuarios no comenzar\u00e1n de nuevo la descarga desde cero.<\/li><li><strong>Anuncios, Banners y Captchas<\/strong> \u2043 Los anuncios, banners y captchas siempre son molestos en la p\u00e1gina web de un sitio, especialmente si un usuario est\u00e1 viendo, subiendo, buscando, descargando o compartiendo algo. Con el uso de Uploadgig Premium, los usuarios o miembros pueden estar libres de todo esto al usar el sitio.<\/li><\/ul>\n\n\n<a class=\"maxbutton-1 maxbutton maxbutton-cta\" target=\"_blank\" rel=\"nofollow noopener\" href=\"\/go\/\"><span class='mb-text'>&gt;&gt; Ir a la p\u00e1gina web oficial de Uploadgig.com<\/span><\/a>\n\n\n<p><\/p>\n\n\n\n<p>Adem\u00e1s, UploadGIG ofrece seis (6) planes premium para los miembros de la Cuenta Premium de UploadGIG. Los miembros pueden mantener los planes de la cuenta premium que eligieron por treinta (30) d\u00edas, noventa (90) d\u00edas, ciento ochenta (180) d\u00edas, o trescientos sesenta y cinco (365) d\u00edas, pero depende de lo que quieran obtener. Adem\u00e1s, UploadGIG permite a sus miembros pagar el plan de prima a muchas opciones de pago. Los miembros no deben preocuparse porque UploadGIG utiliza un alto nivel de seguridad para asegurarse de que los datos o la informaci\u00f3n de sus clientes o miembros est\u00e1n protegidos y seguros.<\/p>\n\n\n\n<h3>Subir los planes de la cuenta Premium de GIG<\/h3>\n\n\n\n<figure class=\"wp-block-table\"><table><tbody><tr><td>N\u00famero de d\u00edas o meses<\/td><td>Precios<\/td><td>Transacciones y pagos garantizados<\/td><td>Descarga de archivos m\u00faltiples<\/td><td>Tiempo de espera<\/td><td>Anuncios y Captcha<\/td><td>Opciones de pago<\/td><\/tr><tr><td>Treinta (30) d\u00edas o un (1) mes<\/td><td>Doce d\u00f3lares ($12.00)<\/td><td>\u2714S\u00ed<\/td><td>\u2714S\u00ed<\/td><td>\u2716Ninguno<\/td><td>\u2716Ninguno<\/td><td><br>PayPal, Visa, MasterCard, Discover, American Express, Direct Debit, Bitcoin or Altcoin, Trustpay, Alipay, Banamex, Neosurf, Poli, Boleto, DineroMail, Yandex money, etc<\/td><\/tr><tr><td>Noventa (90) d\u00edas o tres (3) meses<\/td><td>Veintis\u00e9is d\u00f3lares ($26.00)<\/td><td>\u2714S\u00ed<\/td><td>\u2714S\u00ed<\/td><td>\u2716Ninguno<\/td><td>\u2716Ninguno<\/td><td>PayPal, Visa, MasterCard, Discover, American Express, Direct Debit, Bitcoin or Altcoin, Trustpay, Alipay, Banamex, Neosurf, Poli, Boleto, DineroMail, Yandex money, etc<\/td><\/tr><tr><td>Ciento ochenta (180) d\u00edas o seis (6) meses<\/td><td>Cuarenta y seis d\u00f3lares ($46.00)<\/td><td>\u2714S\u00ed<\/td><td>\u2714S\u00ed<\/td><td>\u2716Ninguno<\/td><td>\u2716Ninguno<\/td><td>PayPal, Visa, MasterCard, Discover, American Express, Direct Debit, Bitcoin or Altcoin, Trustpay, Alipay, Banamex, Neosurf, Poli, Boleto, DineroMail, Yandex money, etc<\/td><\/tr><tr><td>Trescientos sesenta y cinco (365) d\u00edas o doce (12) meses \u272eBEST\u272e<\/td><td>Ochenta y seis d\u00f3lares ($86.00)<\/td><td>\u2714S\u00ed<\/td><td>\u2714S\u00ed<\/td><td>\u2716Ninguno<\/td><td>\u2716Ninguno<\/td><td>PayPal, Visa, MasterCard, Discover, American Express, Direct Debit, Bitcoin or Altcoin, Trustpay, Alipay, Banamex, Neosurf, Poli, Boleto, DineroMail, Yandex money, etc<\/td><\/tr><\/tbody><\/table><\/figure>\n\n\n\n<p>Si los usuarios ya no est\u00e1n satisfechos o no est\u00e1n contentos con las caracter\u00edsticas y servicios del plan premium, pueden cancelar su suscripci\u00f3n y solicitar el reembolso de la misma. No se preocupe porque UploadGIG est\u00e1 dispuesto a devolver su dinero despu\u00e9s de que la solicitud de reembolso sea concedida.<\/p>\n\n\n\n<h2>Programa de afiliados de UploadGIG<\/h2>\n\n\n\n<p>La gente puede ganar dinero usando UploadGIG. Pueden vender los planes premium de UploadGIG como un revendedor. Adem\u00e1s, pueden usar UploadGIG para unirse al programa de afiliados.<\/p>\n\n\n\n<p>Hay seis (6) tipos de niveles de cuenta del Programa de Afiliados de UploadGIG:<\/p>\n\n\n\n<ol><li>Cuenta b\u00e1sica,<\/li><li>Cuenta de bronce,<\/li><li>Cuenta de plata,<\/li><li>Cuenta de oro,<\/li><li>Cuenta de platino, y<\/li><li>Cuenta de diamantes<\/li><\/ol>\n\n\n\n<p>Los miembros de UploadGIG pueden ganar dinero de sus referidos en base a qu\u00e9 tipo de cuenta de afiliado est\u00e1n.<\/p>\n\n\n\n<p>Por favor, vea la siguiente tabla sobre c\u00f3mo estos seis (6) tipos difieren.<\/p>\n\n\n\n<h3>Subir los niveles de las cuentas de los afiliados de GIG<\/h3>\n\n\n\n<figure class=\"wp-block-table\"><table><tbody><tr><td>Tipos de nivel de cuenta de afiliado<\/td><td>B\u00e1sico<\/td><td>Bronce<\/td><td>Plata<\/td><td>Oro<\/td><td>Platino<\/td><td>Diamante<\/td><\/tr><tr><td>Tama\u00f1o del espacio de almacenamiento<\/td><td>Dos mil gigabytes (2.000 GB) o dos terabytes (2 TB)<\/td><td>Cuatro mil gigabytes (4.000 GB) o cuatro terabytes (4 TB)<\/td><td>Ocho mil gigabytes (8.000 GB) u ocho terabytes (8 TB)<\/td><td>Veinte mil gigabytes (20.000 GB) o veinte terabytes (20 TB)<\/td><td>Cincuenta mil gigabytes (50.000 GB) o cincuenta terabytes (50 TB)<\/td><td>Cien gigabytes (100.000 GB) o dos terabytes (100 TB)<\/td><\/tr><tr><td>La fecha de caducidad de un expediente<\/td><td>Sesenta (60) d\u00edas<\/td><td>Ochenta (80) d\u00edas<\/td><td>Noventa (90) d\u00edas<\/td><td>Ciento veinte (120) d\u00edas<\/td><td>Ciento ochenta (180) d\u00edas<\/td><td>Trescientos sesenta y cinco (365) d\u00edas<\/td><\/tr><tr><td>Pago por venta (PPS) y tasa de refacturaci\u00f3n<\/td><td>Cincuenta por ciento (50%)<\/td><td>Sesenta por ciento (60%)<\/td><td>Sesenta y cinco por ciento (65%)<\/td><td>Setenta por ciento (70%)<\/td><td>Setenta y cinco por ciento (75%)<\/td><td>Ochenta por ciento (80%)<\/td><\/tr><tr><td>Pagos<\/td><td>El pago tomar\u00e1 dos (15) d\u00edas<\/td><td>El pago tomar\u00e1 dos (12) d\u00edas<\/td><td>El pago tomar\u00e1 dos (10) d\u00edas<\/td><td>El pago tomar\u00e1 dos (7) d\u00edas<\/td><td>El pago tomar\u00e1 dos (5) d\u00edas<\/td><td>El pago tomar\u00e1 dos (2) d\u00edas<\/td><\/tr><tr><td>Subir el nivel de afiliado<\/td><td>ninguno<\/td><td>m\u00e1s veinte mil d\u00f3lares (+$200)<\/td><td>m\u00e1s veinte mil d\u00f3lares (+$5000)<\/td><td>m\u00e1s veinte mil d\u00f3lares (+$2.000)<\/td><td>m\u00e1s veinte mil d\u00f3lares (+$5.000)<\/td><td>m\u00e1s veinte mil d\u00f3lares (+$2.000)<\/td><\/tr><\/tbody><\/table><figcaption>La empresa de UploadGIG est\u00e1 dispuesta a pagar el diez por ciento (10%) de las ventas del sitio web de los miembros afiliados o revendedores.<br>*Adem\u00e1s, recuerde que el tiempo de pago siempre ser\u00e1 liberado en d\u00edas h\u00e1biles.<\/figcaption><\/figure>\n\n\n\n<h2>\u00bfHacer una pregunta?<\/h2>\n\n\n\n<p>Si los usuarios quieren hacer cualquier pregunta que puedan tener, pueden ir a la p\u00e1gina de soporte en el sitio web oficial de UploadGIG para abrir un ticket para sus soportes rellenando el formulario de ticket o tambi\u00e9n pueden escribir un correo electr\u00f3nico al servicio de atenci\u00f3n al cliente, pero primero se recomienda que lean la informaci\u00f3n en los t\u00e9rminos de los servicios o ToS, el sitio o las pol\u00edticas de los servicios, y las Preguntas Frecuentes o FAQs de UploadGIG.<\/p>\n\n\n<a class=\"maxbutton-1 maxbutton maxbutton-cta\" target=\"_blank\" rel=\"nofollow noopener\" href=\"\/go\/\"><span class='mb-text'>&gt;&gt; Ir a la p\u00e1gina web oficial de Uploadgig.com<\/span><\/a>\n\n\n<p><\/p>\n","protected":false},"excerpt":{"rendered":"<p>Si quieres conservar tus archivos y compartirlos con otras personas, pero tienes un problema debido a su enorme tama\u00f1o que no puede mantenerse en tus correos electr\u00f3nicos o unidades flash o cualquier disco duro externo durante tanto tiempo, entonces aqu\u00ed tienes la mejor soluci\u00f3n para ti. Pruebe este hoster de archivos \u2043 UploadGIG! Para m\u00e1s [&hellip;]<\/p>\n","protected":false},"author":6,"featured_media":0,"parent":0,"menu_order":0,"comment_status":"closed","ping_status":"closed","template":"","meta":[],"_links":{"self":[{"href":"https:\/\/www.uploadgig.site\/es\/wp-json\/wp\/v2\/pages\/349"}],"collection":[{"href":"https:\/\/www.uploadgig.site\/es\/wp-json\/wp\/v2\/pages"}],"about":[{"href":"https:\/\/www.uploadgig.site\/es\/wp-json\/wp\/v2\/types\/page"}],"author":[{"embeddable":true,"href":"https:\/\/www.uploadgig.site\/es\/wp-json\/wp\/v2\/users\/6"}],"replies":[{"embeddable":true,"href":"https:\/\/www.uploadgig.site\/es\/wp-json\/wp\/v2\/comments?post=349"}],"version-history":[{"count":4,"href":"https:\/\/www.uploadgig.site\/es\/wp-json\/wp\/v2\/pages\/349\/revisions"}],"predecessor-version":[{"id":385,"href":"https:\/\/www.uploadgig.site\/es\/wp-json\/wp\/v2\/pages\/349\/revisions\/385"}],"wp:attachment":[{"href":"https:\/\/www.uploadgig.site\/es\/wp-json\/wp\/v2\/media?parent=349"}],"curies":[{"name":"wp","href":"https:\/\/api.w.org\/{rel}","templated":true}]}}