{"id":343,"date":"2020-06-11T13:01:14","date_gmt":"2020-06-11T13:01:14","guid":{"rendered":"https:\/\/www.uploadgig.site\/?page_id=343"},"modified":"2020-07-31T08:01:05","modified_gmt":"2020-07-31T08:01:05","slug":"uploadgig-premium-account-der-zuverlassigste-datei-hoster","status":"publish","type":"page","link":"https:\/\/www.uploadgig.site\/de\/","title":{"rendered":"UploadGIG Premium-Account &#8211; Der zuverl\u00e4ssigste Datei-Hoster"},"content":{"rendered":"\n<figure class=\"wp-block-image\"><img src=\"https:\/\/lh6.googleusercontent.com\/eLd64hkqZpZvvexc6__T_pMhb4eLSv9vfD2U6N-uxNYu08QYe6rneexVSrtfjxlRH2kfqfnDUb1A90brltWlHv78p_UT8zo1ApOSKpipZPNyn3agLijp4s8fF6TGdar9hISRY0fW\" alt=\"UploadGIG logo\" title=\"UploadGIG logo\"\/><\/figure>\n\n\n\n<p>Wenn Sie Ihre Dateien aufbewahren und sie mit anderen Personen teilen m\u00f6chten, aber Sie haben ein Problem wegen der enormen Gr\u00f6\u00dfe, die nicht so lange auf Ihren E-Mails oder Flash-Laufwerken oder externen Festplatten aufbewahrt werden kann, dann ist hier die beste L\u00f6sung f\u00fcr Sie. Versuchen Sie diesen Datei-Hoster \u2043 UploadGIG!<\/p>\n\n\n\n<p>Weitere Informationen dazu erhalten Sie durch Klick auf <strong><a href=\"https:\/\/www.uploadgig.info\/de\/\" target=\"_blank\" aria-label=\"undefined (opens in a new tab)\" rel=\"noreferrer noopener\">Uploadgig Premium<\/a><\/strong><\/p>\n\n\n<a class=\"maxbutton-1 maxbutton maxbutton-cta\" target=\"_blank\" rel=\"nofollow noopener\" href=\"\/go\/\"><span class='mb-text'>&gt;&gt; Gehen Sie zur offiziellen Website Uploadgig.com<\/span><\/a>\n\n\n<p><\/p>\n\n\n\n<h2>Was ist UploadGIG? Wie kann es helfen?<\/h2>\n\n\n\n<p>UploadGIG ist daf\u00fcr bekannt, als Dateihoster die zuverl\u00e4ssigste Website zu sein. Sie wird von Jahr zu Jahr von immer mehr Menschen genutzt. Es kann den Benutzern die M\u00f6glichkeit geben, ihre Dateien zu behalten, hochzuladen, herunterzuladen und mit anderen zu teilen, auch wenn diese eine gro\u00dfe Gr\u00f6\u00dfe haben. wie z.B. Dokumente, Pr\u00e4sentationen, Projekte, Bilder, Filme oder irgendwelche Videos, Musik oder Aufnahmen, Software oder Programme und andere wichtige und sogar die nicht so wichtigen.<\/p>\n\n\n\n<p>UploadGIG wird sicherlich alle diese Arten von Dateien hundertprozentig (100%) sicher und hundertprozentig (100%) sicher in seinen Datenbanken und Servern aufbewahren.<\/p>\n\n\n\n<p>Wenn Sie vorhaben, die offizielle Website von UploadGIG zu besuchen, werden Sie es absolut einfach finden, die Eigenschaften und Funktionen der Website zu erkunden und zu verstehen.<\/p>\n\n\n\n<p>Es gibt zwei (2) Arten von Konten bei UploadGIG \u2043 UploadGIG kostenloses Konto und UploadGIG Premium-Konto.<\/p>\n\n\n\n<ol><li>UploadGIG Gratis-Account \u2043 Benutzer m\u00fcssen f\u00fcr diesen Account nichts bezahlen, aber nat\u00fcrlich hat ein Gratis-Account immer eine langsamere Download- und Upload-Geschwindigkeitsrate, lange Wartezeiten, keine M\u00f6glichkeit, mehrere Dateien gleichzeitig herunterzuladen, viele Werbeanzeigen, <a rel=\"noreferrer noopener\" href=\"https:\/\/www.webopedia.com\/TERM\/B\/banner.html\" target=\"_blank\">Banner <\/a>und Captchas auf jeder Webseite der Site von UploadGIG und es hat immer Einschr\u00e4nkungen in Bezug auf die Funktionen und Dienstleistungen einer Website, so dass UploadGIG den Benutzern immer ihren Premium-Account empfiehlt, damit sie mehr Speicherplatz und eine schnellere Geschwindigkeitsrate beim Hoch- und Herunterladen erhalten.<\/li><li>UploadGIG Premium-Account \u2043. Dies ist der am meisten empfohlene Account-Typ. Wenn Benutzer diesen Account erhalten, haben sie Zugang zu allen Funktionen und Dienstleistungen von UploadGIG, aber nat\u00fcrlich ist dies nicht kostenlos, sie m\u00fcssen zuerst f\u00fcr den Premium-Account-Plan bezahlen.<\/li><\/ol>\n\n\n\n<p>Bevor Sie einen Account f\u00fcr UploadGIG erhalten k\u00f6nnen, k\u00f6nnen Sie die offizielle Website besuchen, zur Registrierungsseite gehen und sich registrieren. Unten finden Sie die vier (4) M\u00f6glichkeiten, sich bei UploadGIG zu registrieren.<\/p>\n\n\n\n<ol><li>Registrieren Sie sich \u00fcber das Google Plus-Konto.<\/li><li>Registrieren Sie sich \u00fcber das Yahoo-Konto.<\/li><li>Registrieren Sie sich \u00fcber das Facebook-Konto.<\/li><li>Registrieren Sie sich \u00fcber das Twitter-Konto.<\/li><li>Registrieren Sie sich \u00fcber das Registrierungsformular auf der Website von UploadGIG, wobei der Benutzer einfach seine E-Mail-Adresse und ein bevorzugtes Passwort eingeben kann.<\/li><\/ol>\n\n\n\n<p>Zu \u00dcberpr\u00fcfungszwecken sollten die Benutzer den korrekten Code oder Bilder des Captcha eingeben. Klicken Sie dann auf die Schaltfl\u00e4che &#8222;Registrieren&#8220;, um die Registrierungsdaten abschlie\u00dfend einzugeben. UploadGIG sendet einen Verifizierungslink an die E-Mail-Adressen der Benutzer, der angeklickt werden muss, um die Konten der neuen Benutzer zu verifizieren.<\/p>\n\n\n\n<p>Sollte ein Benutzer bereits ein Konto bei UploadGIG erstellt haben, dann kann er oder sie auf die &#8222;Anmelden&#8220;-Seite gehen, um auf die Website von UploadGIG zu gelangen.<\/p>\n\n\n\n<h3>Vergleichen Sie UploadGIG mit den anderen Datei-Hosting-Sites<\/h3>\n\n\n\n<p>Bitte sehen Sie sich die untenstehende Tabelle an, um zu vergleichen, wie sich UploadGIG von den anderen File-Hosting-Sites unterscheidet.<\/p>\n\n\n\n<figure class=\"wp-block-table\"><table><tbody><tr><td>UploadGIG<\/td><td>Andere Datei-Hosting-Sites<\/td><\/tr><tr><td>Es ist eine hundertprozentig (100%) sichere und hundertprozentig (100%) sichere Website f\u00fcr das Hosting einer Datei.<\/td><td>Einige Websites des Datei-Hostings sind <a rel=\"noreferrer noopener\" href=\"https:\/\/dictionary.cambridge.org\/us\/dictionary\/english\/scam\" target=\"_blank\">Betrug <\/a>und nicht v\u00f6llig sicher.<\/td><\/tr><tr><td>Die Registrierung hier ist so einfach. Es sind nur wenige Angaben zu den Benutzern erforderlich, die eingegeben werden m\u00fcssen.<\/td><td>Die Registrierung in einigen Sites des Datei-Hostings nimmt Zeit in Anspruch, wo Benutzer mehr Details in das Formular eingeben m\u00fcssen.<\/td><\/tr><tr><td>Sie erm\u00f6glicht es einem Benutzer, sein Social Media- oder E-Mail-Konto zur Registrierung zu verbinden.<\/td><td>Sie erlaubt es einem Benutzer nicht, sein Social Media- oder E-Mail-Konto zur Registrierung zu verbinden.<\/td><\/tr><tr><td>Die Funktion und die Dienste zum Hoch- und Herunterladen und zur gemeinsamen Nutzung der Datei(en) eines Benutzers funktionieren einwandfrei.<\/td><td>Die Funktion und die Dienste zum Hoch- und Herunterladen und zur gemeinsamen Nutzung der Datei(en) eines Benutzers funktionieren nicht.<\/td><\/tr><tr><td>UploadGIG bietet seinen Mitgliedern kostenlosen Speicherplatz mit zwei Millionen Megabyte (2.000.000 MB) oder zwei Terabyte (2 TB).<\/td><td>Einige Websites haben eine kleinere Speichergr\u00f6\u00dfe f\u00fcr ihre Benutzer.<\/td><\/tr><tr><td>Das UploadGIG-Support-Team ist sehr entgegenkommend bei der Beantwortung von Fragen oder Bedenken seiner Benutzer oder Mitglieder.<\/td><td>Die Support-Teams einiger anderer Datei-Hosting-Sites brauchen sehr lange, um zu antworten, oder im schlimmsten Fall antworten sie nicht vollst\u00e4ndig.<\/td><\/tr><tr><td>Die Wiederverk\u00e4ufer der Premium-Accounts sind an vielen Orten weltweit zuverl\u00e4ssig, da sie von UploadGIG gepr\u00fcft und genehmigt werden.<\/td><td>Einige Wiederverk\u00e4ufer der Premium-Accounts sind Betr\u00fcger.<\/td><\/tr><tr><td>Benutzer k\u00f6nnen durch Affiliating Geld verdienen, und die Zahlungen und Transaktionen hier sind gesichert.<\/td><td>Einige andere Sites des Datei-Hostings haben keine Affiliate-Partnerschaft, so dass ihre Benutzer kein Geld verdienen k\u00f6nnen.<\/td><\/tr><tr><td>Die Abhebungsgeb\u00fchr ist hier niedriger als bei allen Sites mit Datei-Hosting, die bei drei\u00dfig Dollar ($30) beginnen.<\/td><td>Die R\u00fccknahmegeb\u00fchr in einigen anderen Websites des Datei-Hostings ist hoch.<\/td><\/tr><\/tbody><\/table><\/figure>\n\n\n\n<h2>Dateien<\/h2>\n\n\n\n<p>Benutzer k\u00f6nnen ihre Dateien auf der offiziellen Website von UploadGIG wie folgt verwalten:<\/p>\n\n\n\n<ul><li>Zugriff auf<\/li><li>Hochladen von<\/li><li>Herunterladen von<\/li><li>Suche unter<\/li><li>Sortierung<\/li><li>Gemeinsame Nutzung<\/li><li>L\u00f6schen von<\/li><\/ul>\n\n\n\n<p>Es gibt drei (3) Arten von Methoden, um Ihre Datei oder Dateien auf UploadGIG hochzuladen. Dies sind der Web-Upload, der Remote-Upload und das File Transfer Protocol oder FTP.<\/p>\n\n\n\n<h3>Drei (3) Upload-Methoden auf UploadGIG<\/h3>\n\n\n\n<figure class=\"wp-block-table\"><table><tbody><tr><td>Web-Upload<\/td><td>Fern-Upload<\/td><td>Datei\u00fcbertragungsprotokoll oder FTP<\/td><\/tr><tr><td>Die Benutzerinnen und Benutzer k\u00f6nnen die verschiedenen Webbrowser, die sie auf ihren Ger\u00e4ten (Desktops, Laptops, Handys oder Tablets) mit einer Internetverbindung haben, benutzen. Gehen Sie einfach auf die offizielle Website von UploadGIG, um die Datei oder die Dateien hochzuladen.<\/td><td>Benutzer k\u00f6nnen den Link einer Datei verwenden, um eine oder mehrere Dateien auf die Website hochzuladen oder auf die Website zu \u00fcbertragen, indem sie die Upload-Funktion von UploadGIG, den &#8222;Remote Upload&#8220;, verwenden.<\/td><td>Benutzer k\u00f6nnen das File Transfer Protocol oder <a rel=\"noreferrer noopener\" href=\"https:\/\/searchnetworking.techtarget.com\/definition\/File-Transfer-Protocol-FTP\" target=\"_blank\">FTP<\/a>-Clients oder Anwendungen auf ihren Ger\u00e4ten verwenden, um auf die FTP-Upload-Funktion von UploadGIG zuzugreifen.<\/td><\/tr><\/tbody><\/table><figcaption>Beachten Sie: UploadGIG erinnert seine Benutzer, die hochladen m\u00f6chten, immer daran, dass sie sich an die Bedingungen und Richtlinien auf ihrer offiziellen Website halten sollten. Sie erlauben es nicht allen Benutzern, ein Foto, einen Film, ein Video oder irgendwelche Dateien hochzuladen, die mit Gewalt, Pornographie oder sexuellen Verhaltensweisen oder Angelegenheiten zu tun haben. Die Datei oder Dateien, die urheberrechtlich gesch\u00fctzt sind, d\u00fcrfen nicht auf die Website hochgeladen werden. Jeder Benutzer, der diese nicht befolgt, wird vor\u00fcbergehend suspendiert oder gek\u00fcndigt, oder im schlimmsten Fall wird er von UploadGIG auf allen seinen Datenbanken und Servern gel\u00f6scht.<\/figcaption><\/figure>\n\n\n\n<p><strong>Dateien durchsuchen<\/strong>: Sobald die Benutzer eine oder mehrere Dateien auf der Website von UploadGIG hochgeladen haben, k\u00f6nnen sie diese durchsuchen. Die Dateien werden von den Servern und Datenbanken von UploadGIG gr\u00fcndlich durchsucht. Ein Benutzer kann nicht nach einer Datei der anderen Benutzer oder Eigent\u00fcmer suchen. Dies dient dem Schutz der Privatsph\u00e4re der Dateien sowie des Kontos. Aus diesem Grund erlaubt UploadGIG einem Benutzer nicht, nach einer Datei oder Dateien zu suchen, die von den anderen Benutzern hochgeladen wurden, da dies als illegale Sache betrachtet wird.<br><strong>Dateien sortieren<\/strong>: Die Benutzer k\u00f6nnen ihre hochgeladenen Dateien auch sortieren, um sie so zu organisieren, wie sie es bevorzugen, wie ihre Dateien auf der Website von UploadGIG erscheinen w\u00fcrden.<br><strong>Dateien l\u00f6schen<\/strong>: Die Benutzer k\u00f6nnen auch die ausgew\u00e4hlte(n) Datei(en) auf der Site von UploadGIG l\u00f6schen oder entfernen, wenn sie sie nicht mehr ben\u00f6tigen oder nicht mehr behalten wollen, und diese werden ebenfalls von den Servern und Datenbanken von UploadGIG gel\u00f6scht. Damit ein Benutzer seine L\u00f6schdatei(en) l\u00f6schen kann, muss er einen L\u00f6schantrag an UploadGIG stellen. UploadGIG stellt dann den L\u00f6schlink zur Verf\u00fcgung, den die Benutzer anklicken m\u00fcssen, um die Datei(en) erfolgreich zu l\u00f6schen. UploadGIG empfiehlt seinen Benutzern immer, den L\u00f6schlink, den sie erhalten werden, nicht zu verlieren, aber wenn Benutzer ihn verlieren, besteht die einzige M\u00f6glichkeit, die Datei oder Dateien zu l\u00f6schen, darin, das Datum abzuwarten, an dem er abl\u00e4uft, und diese werden alle automatisch vom System von UploadGIG gel\u00f6scht. Wenn Benutzer jedoch die spezifische(n) Datei(en) dringend l\u00f6schen m\u00fcssen, dann ist dies der Zeitpunkt, um den Kundensupport von UploadGIG zu erreichen.<\/p>\n\n\n\n<h2>UploadGIG Premium-Konto<\/h2>\n\n\n\n<h3>UploadGIG Premium-Account-Funktionen<\/h3>\n\n\n\n<ul><li><strong>Verz\u00f6gerungen beim Herunterladen<\/strong> \u2043 Bei Premium-Accounts gibt es keine Verz\u00f6gerung beim Herunterladen. Die Mitglieder mit einem Premium-Account k\u00f6nnen sofort auf die Datei(en) zugreifen, sie hoch- und herunterladen, ohne l\u00e4ngere Wartezeiten in Kauf nehmen zu m\u00fcssen, w\u00e4hrend die Mitglieder mit einem kostenlosen Account immer sechzig (60) Sekunden warten m\u00fcssen.<\/li><li><strong>Sichere und gesch\u00fctzte Aufbewahrung von Dateien<\/strong> \u2043. Die Dateien der Benutzer oder Mitglieder mit Premium-Account werden so lange aufbewahrt, wie sie diese noch ben\u00f6tigen, und sie sind alle jederzeit \u00fcber das Internet abrufbar, aber die Benutzer mit Gratis-Account k\u00f6nnen ihre Dateien nur f\u00fcr drei\u00dfig (30) Tage vor\u00fcbergehend auf der Website aufbewahren, und nach diesen Tagen werden ihre Dateien automatisch auf der Website gel\u00f6scht.<\/li><li><strong>Mehrfaches Herunterladen von Dateien<\/strong> \u2043. Die Mitglieder des Premium-Accounts k\u00f6nnen die gew\u00fcnschte(n) Datei(en) mehrmals gleichzeitig mit einer maximalen Geschwindigkeitsrate herunterladen, aber die Geschwindigkeit ihrer Internetverbindung spielt eine Rolle, wenn sie die Datei(en) herunterladen. Gl\u00fccklich sind sie, wenn sie eine schnelle Internetverbindung haben. Die Benutzerinnen und Benutzer des kostenlosen Kontos haben keinen Zugang dazu, sie k\u00f6nnen immer nur eine einzige Datei auf einmal herunterladen.<\/li><li><strong>Datei-Downloads unterbrechen<\/strong> \u2043. Die Mitglieder des Premium-Kontos k\u00f6nnen das Herunterladen der Datei oder Dateien f\u00fcr einige Sekunden oder Minuten unterbrechen. Die Benutzer des kostenlosen Kontos haben dazu keinen Zugang.<\/li><li><strong>Datei-Downloads wieder aufnehmen<\/strong> \u2043 Die Mitglieder mit einem Premium-Account k\u00f6nnen das Herunterladen der Datei(en) wieder aufnehmen, sobald diese angehalten oder gestoppt wurden. Die Benutzer des kostenlosen Kontos haben keinen Zugang dazu.<\/li><li><strong>Schnelleres Herunterladen<\/strong> \u2043 Die Mitglieder mit einem Premium-Account k\u00f6nnen die maximale Download-Geschwindigkeit erleben. Nat\u00fcrlich ist auch hier wieder die Internetverbindung der Benutzer beim Herunterladen immer wichtig, aber machen Sie sich keine Sorgen, denn wenn der Download durch die Internetunterbrechungen gestoppt wurde, wird das System von UploadGIG den Download automatisch pausieren, so dass die Benutzer den Download nicht wieder von vorne beginnen k\u00f6nnen.<\/li><li><strong>Anzeigen, Banner und Captchas<\/strong> \u2043 Die Anzeigen, Banner und Captchas sind auf der Webseite einer Website immer l\u00e4stig, besonders wenn ein Benutzer etwas betrachtet, hochl\u00e4dt, sucht, herunterl\u00e4dt oder mit anderen teilt. Mit der Verwendung von Uploadgig Premium k\u00f6nnen Benutzer oder Mitglieder bei der Nutzung der Website von all diesen Dingen frei sein.<\/li><\/ul>\n\n\n<a class=\"maxbutton-1 maxbutton maxbutton-cta\" target=\"_blank\" rel=\"nofollow noopener\" href=\"\/go\/\"><span class='mb-text'>&gt;&gt; Gehen Sie zur offiziellen Website Uploadgig.com<\/span><\/a>\n\n\n<p><\/p>\n\n\n\n<p>Dar\u00fcber hinaus bietet UploadGIG sechs (6) Premium-Pl\u00e4ne f\u00fcr die Mitglieder des Premium-Accounts von UploadGIG an. Die Mitglieder k\u00f6nnen die von ihnen gew\u00e4hlten Premium-Account-Pl\u00e4ne f\u00fcr drei\u00dfig (30) Tage, neunzig (90) Tage, einhundertachtzig (180) Tage oder dreihundertf\u00fcnfundsechzig (365) Tage beibehalten, aber es h\u00e4ngt davon ab, was sie bekommen m\u00f6chten. Ausserdem erlaubt UploadGIG seinen Mitgliedern, den Pr\u00e4mienplan auf viele Zahlungsoptionen auszuzahlen. Mitglieder sollten sich keine Sorgen machen, denn UploadGIG verwendet ein hohes Mass an Sicherheit, um sicherzustellen, dass die Daten oder Informationen ihrer Kunden oder Mitglieder gesch\u00fctzt und sicher sind.<\/p>\n\n\n\n<h3>UploadGIG-Premium-Account-Pl\u00e4ne<\/h3>\n\n\n\n<figure class=\"wp-block-table\"><table><tbody><tr><td>Anzahl von Tagen oder Monaten<\/td><td>Preise<\/td><td>Gesicherte Transaktionen und Zahlungen<\/td><td>Herunterladen mehrerer Dateien<\/td><td>Zeit zum Warten<\/td><td>Anzeigen und Captcha<\/td><td>Zahlungsoptionen<\/td><\/tr><tr><td>Drei\u00dfig (30) Tage oder ein (1) Monat<\/td><td>Zw\u00f6lf Dollar ($12,00)<\/td><td>\u2714Ja<\/td><td>\u2714Ja<\/td><td>\u2716Keine<\/td><td>\u2716Keine<\/td><td><br>PayPal, Visa, MasterCard, Discover, American Express, Direct Debit, Bitcoin or Altcoin, Trustpay, Alipay, Banamex, Neosurf, Poli, Boleto, DineroMail, Yandex money, etc<\/td><\/tr><tr><td>Neunzig (90) Tage oder drei (3) Monate<\/td><td>Sechsundzwanzig Dollar ($26,00)<\/td><td>\u2714Ja<\/td><td>\u2714Ja<\/td><td>\u2716Keine<\/td><td>\u2716Keine<\/td><td>PayPal, Visa, MasterCard, Discover, American Express, Direct Debit, Bitcoin or Altcoin, Trustpay, Alipay, Banamex, Neosurf, Poli, Boleto, DineroMail, Yandex money, etc<\/td><\/tr><tr><td>Einhundertachtzig (180) Tage oder sechs (6) Monate<\/td><td>Sechsundvierzig Dollar (46,00 $)<\/td><td>\u2714Ja<\/td><td>\u2714Ja<\/td><td>\u2716Keine<\/td><td>\u2716Keine<\/td><td>PayPal, Visa, MasterCard, Discover, American Express, Direct Debit, Bitcoin or Altcoin, Trustpay, Alipay, Banamex, Neosurf, Poli, Boleto, DineroMail, Yandex money, etc<\/td><\/tr><tr><td>Dreihundertf\u00fcnfundsechzig (365) Tage oder zw\u00f6lf (12) Monate \u272eBEST\u272e<\/td><td>Sechsundachtzig Dollar ($86,00)<\/td><td>\u2714Ja<\/td><td>\u2714Ja<\/td><td>\u2716Keine<\/td><td>\u2716Keine<\/td><td>PayPal, Visa, MasterCard, Discover, American Express, Direct Debit, Bitcoin or Altcoin, Trustpay, Alipay, Banamex, Neosurf, Poli, Boleto, DineroMail, Yandex money, etc<\/td><\/tr><\/tbody><\/table><\/figure>\n\n\n\n<p>Wenn Benutzer mit den Funktionen und Diensten des Premium-Plans nicht mehr zufrieden oder nicht mehr gl\u00fccklich sind, k\u00f6nnen sie ihr Abonnement k\u00fcndigen und eine R\u00fcckerstattung verlangen. Machen Sie sich keine Sorgen, denn UploadGIG ist bereit, ihnen ihr Geld zur\u00fcckzuzahlen, nachdem dem R\u00fcckerstattungsantrag stattgegeben wurde.<\/p>\n\n\n\n<h2>Partnerprogramm von UploadGIG<\/h2>\n\n\n\n<p>Mit UploadGIG k\u00f6nnen Menschen Geld verdienen. Sie k\u00f6nnen die Premium-Pl\u00e4ne von UploadGIG als Wiederverk\u00e4ufer verkaufen. Ausserdem k\u00f6nnen sie UploadGIG benutzen, um dem Partnerprogramm beizutreten.<\/p>\n\n\n\n<p>Es gibt sechs (6) Arten von Account-Ebenen des Affiliate-Programms von UploadGIG:<\/p>\n\n\n\n<ol><li>Basiskonto,<\/li><li>Bronze-Konto,<\/li><li>Silber-Konto,<\/li><li>Goldkonto,<\/li><li>Platin-Konto, und<\/li><li>Diamanten-Konto<\/li><\/ol>\n\n\n\n<p>Die Mitglieder von UploadGIG k\u00f6nnen mit ihren Empfehlungen Geld verdienen, je nachdem, in welcher Art von Affiliate-Konto sie sich befinden. <\/p>\n\n\n\n<p>Bitte entnehmen Sie der untenstehenden Tabelle, wie sich diese sechs (6) Typen unterscheiden.<\/p>\n\n\n\n<h3>UploadGIG Affiliate-Kontoebenen<\/h3>\n\n\n\n<figure class=\"wp-block-table\"><table><tbody><tr><td>Affiliate-Kontoebenen-Typen<\/td><td>Grundlegend<\/td><td>Bronze<\/td><td>Silber<\/td><td>Gold<\/td><td>Platin<\/td><td>Diamant<\/td><\/tr><tr><td>Gr\u00f6\u00dfe des Speicherplatzes<\/td><td>Zweitausend Gigabyte (2.000 GB) oder zwei Terabyte (2 TB)<\/td><td>Viertausend Gigabyte (4.000 GB) oder vier Terabyte (4 TB)<\/td><td>Achttausend Gigabyte (8.000 GB) oder acht Terabyte (8 TB)<\/td><td>Zwanzigtausend Gigabyte (20.000 GB) oder zwanzig Terabyte (20 TB)<\/td><td>F\u00fcnfzigtausend Gigabyte (50.000 GB) oder f\u00fcnfzig Terabyte (50 TB)<\/td><td>Einhundert Gigabyte (100.000 GB) oder zwei Terabyte (100 TB)<\/td><\/tr><tr><td>Das Verfallsdatum einer Datei<\/td><td>Sechzig (60) Tage<\/td><td>Achtzig (80) Tage<\/td><td>Neunzig (90) Tage<\/td><td>Einhundertzwanzig (120) Tage<\/td><td>Einhundertachtzig (180) Tage<\/td><td>Dreihundertf\u00fcnfundsechzig (365) Tage<\/td><\/tr><tr><td>Pay-per-Sale (PPS) und Rate der erneuten Rechnungsstellung<\/td><td>F\u00fcnfzig Prozent (50%)<\/td><td>Sechzig Prozent (60%)<\/td><td>F\u00fcnfundsechzig Prozent (65%)<\/td><td>Siebzig Prozent (70%)<\/td><td>F\u00fcnfundsiebzig Prozent (75%)<\/td><td>Achtzig Prozent (80%)<\/td><\/tr><tr><td>Auszahlungen<\/td><td>Die Auszahlung wird f\u00fcnfzehn (15) Tage dauern<\/td><td>Die Auszahlung wird zw\u00f6lf (12) Tage dauern<\/td><td>Die Auszahlung wird zehn (10) Tage dauern<\/td><td>Die Auszahlung wird sieben (7) Tage dauern<\/td><td>Die Auszahlung wird f\u00fcnf (5) Tage dauern<\/td><td>Die Auszahlung wird zwei (2) Tage dauern<\/td><\/tr><tr><td>Upgrade der Affiliate-Ebene<\/td><td>keine<\/td><td>plus zweihundert Dollar (+200)<\/td><td>plus f\u00fcnfhundert Dollar (+500)<\/td><td>plus zweitausend Dollar (+$2000)<\/td><td>plus zweitausend Dollar (+$5000)<\/td><td>plus zweitausend Dollar (+$2000)<\/td><\/tr><\/tbody><\/table><figcaption>Das Unternehmen UploadGIG ist bereit, zehn Prozent (10%) der Verk\u00e4ufe von der Website der angeschlossenen Mitglieder oder Wiederverk\u00e4ufer zu bezahlen.<br>*Bitte beachten Sie auch, dass die Auszahlungszeit immer an Werktagen ver\u00f6ffentlicht wird.<\/figcaption><\/figure>\n\n\n\n<h2>Eine Frage stellen?<\/h2>\n\n\n\n<p>Wenn Benutzerinnen und Benutzer Fragen stellen m\u00f6chten, k\u00f6nnen sie auf die Support-Seite auf der offiziellen Website von UploadGIG gehen, um ein Ticket f\u00fcr den Support zu er\u00f6ffnen, indem sie das Ticket-Formular ausf\u00fcllen, oder sie k\u00f6nnen auch eine E-Mail an den Kundensupport schreiben, aber zun\u00e4chst wird empfohlen, dass sie die Informationen in den Servicebedingungen oder ToS, die Richtlinien der Website oder der Dienstleistungen und die H\u00e4ufig gestellten Fragen oder FAQs von UploadGIG lesen.<\/p>\n\n\n<a class=\"maxbutton-1 maxbutton maxbutton-cta\" target=\"_blank\" rel=\"nofollow noopener\" href=\"\/go\/\"><span class='mb-text'>&gt;&gt; Gehen Sie zur offiziellen Website Uploadgig.com<\/span><\/a>\n\n\n<p><\/p>\n","protected":false},"excerpt":{"rendered":"<p>Wenn Sie Ihre Dateien aufbewahren und sie mit anderen Personen teilen m\u00f6chten, aber Sie haben ein Problem wegen der enormen Gr\u00f6\u00dfe, die nicht so lange auf Ihren E-Mails oder Flash-Laufwerken oder externen Festplatten aufbewahrt werden kann, dann ist hier die beste L\u00f6sung f\u00fcr Sie. Versuchen Sie diesen Datei-Hoster \u2043 UploadGIG! Weitere Informationen dazu erhalten Sie [&hellip;]<\/p>\n","protected":false},"author":6,"featured_media":0,"parent":0,"menu_order":0,"comment_status":"closed","ping_status":"closed","template":"","meta":[],"_links":{"self":[{"href":"https:\/\/www.uploadgig.site\/de\/wp-json\/wp\/v2\/pages\/343"}],"collection":[{"href":"https:\/\/www.uploadgig.site\/de\/wp-json\/wp\/v2\/pages"}],"about":[{"href":"https:\/\/www.uploadgig.site\/de\/wp-json\/wp\/v2\/types\/page"}],"author":[{"embeddable":true,"href":"https:\/\/www.uploadgig.site\/de\/wp-json\/wp\/v2\/users\/6"}],"replies":[{"embeddable":true,"href":"https:\/\/www.uploadgig.site\/de\/wp-json\/wp\/v2\/comments?post=343"}],"version-history":[{"count":3,"href":"https:\/\/www.uploadgig.site\/de\/wp-json\/wp\/v2\/pages\/343\/revisions"}],"predecessor-version":[{"id":379,"href":"https:\/\/www.uploadgig.site\/de\/wp-json\/wp\/v2\/pages\/343\/revisions\/379"}],"wp:attachment":[{"href":"https:\/\/www.uploadgig.site\/de\/wp-json\/wp\/v2\/media?parent=343"}],"curies":[{"name":"wp","href":"https:\/\/api.w.org\/{rel}","templated":true}]}}